{"id":140,"date":"2022-10-29T10:42:16","date_gmt":"2022-10-29T08:42:16","guid":{"rendered":"https:\/\/www.cabinetpothet.com\/?page_id=140"},"modified":"2023-12-11T22:50:13","modified_gmt":"2023-12-11T21:50:13","slug":"expertises","status":"publish","type":"page","link":"https:\/\/www.cabinetpothet.com\/en\/expertise\/","title":{"rendered":"Our expertise"},"content":{"rendered":"<div data-elementor-type=\"wp-page\" data-elementor-id=\"140\" class=\"elementor elementor-140\" data-elementor-post-type=\"page\">\n\t\t\t\t\t\t<section class=\"elementor-section elementor-top-section elementor-element elementor-element-9674e61 expertise-content-section elementor-section-boxed elementor-section-height-default elementor-section-height-default\" data-id=\"9674e61\" data-element_type=\"section\" data-e-type=\"section\">\n\t\t\t\t\t\t<div class=\"elementor-container elementor-column-gap-default\">\n\t\t\t\t\t<div class=\"elementor-column elementor-col-100 elementor-top-column elementor-element elementor-element-6828be7\" data-id=\"6828be7\" data-element_type=\"column\" data-e-type=\"column\">\n\t\t\t<div class=\"elementor-widget-wrap elementor-element-populated\">\n\t\t\t\t\t\t<section class=\"elementor-section elementor-inner-section elementor-element elementor-element-fdf9b64 container-arrow elementor-section-boxed elementor-section-height-default elementor-section-height-default\" data-id=\"fdf9b64\" data-element_type=\"section\" data-e-type=\"section\">\n\t\t\t\t\t\t<div class=\"elementor-container elementor-column-gap-default\">\n\t\t\t\t\t<div class=\"elementor-column elementor-col-100 elementor-inner-column elementor-element elementor-element-7bf6267 content-arrow\" data-id=\"7bf6267\" data-element_type=\"column\" data-e-type=\"column\">\n\t\t\t<div class=\"elementor-widget-wrap elementor-element-populated\">\n\t\t\t\t\t\t<div class=\"elementor-element elementor-element-d5bf815 content-section  elementor-widget elementor-widget-text-editor\" data-id=\"d5bf815\" data-element_type=\"widget\" data-e-type=\"widget\" data-widget_type=\"text-editor.default\">\n\t\t\t\t<div class=\"elementor-widget-container\">\n\t\t\t\t\t\t\t\t\t<p>We are a general practice with over thirty years of experience in the south-east of France, particularly in the Gulf of Saint-Tropez.<\/p>\t\t\t\t\t\t\t\t<\/div>\n\t\t\t\t<\/div>\n\t\t\t\t<div class=\"elementor-element elementor-element-288b064 content-section  elementor-widget elementor-widget-text-editor\" data-id=\"288b064\" data-element_type=\"widget\" data-e-type=\"widget\" data-widget_type=\"text-editor.default\">\n\t\t\t\t<div class=\"elementor-widget-container\">\n\t\t\t\t\t\t\t\t\t<p>We support our clients in the development of pre-litigation and litigation strategies, and ensure their representation before all courts of first instance and appeal. The Firm is available to its clients to enlighten them and advise them on the consequences of their actions.<\/p><p>The technical skills of lawyers in real estate law, civil law, criminal law and business law allow them to appreciate the many aspects of a case with a transversal vision. The openness of the Firm to these different matters is essential to master the issues raised by legal relationships.\u00a0<\/p><p><a style=\"letter-spacing: -0.15px;\" href=\"https:\/\/www.cabinetpothet.com\/fr\/nos-avocats\/\" target=\"_blank\" rel=\"noopener\">Discover our lawyers.<\/a><\/p>\t\t\t\t\t\t\t\t<\/div>\n\t\t\t\t<\/div>\n\t\t\t\t\t<\/div>\n\t\t<\/div>\n\t\t\t\t\t<\/div>\n\t\t<\/section>\n\t\t\t\t\t<\/div>\n\t\t<\/div>\n\t\t\t\t\t<\/div>\n\t\t<\/section>\n\t\t\t\t<section class=\"elementor-section elementor-top-section elementor-element elementor-element-2f17018 elementor-section-boxed elementor-section-height-default elementor-section-height-default\" data-id=\"2f17018\" data-element_type=\"section\" data-e-type=\"section\">\n\t\t\t\t\t\t<div class=\"elementor-container elementor-column-gap-default\">\n\t\t\t\t\t<div class=\"elementor-column elementor-col-50 elementor-top-column elementor-element elementor-element-eff925b\" data-id=\"eff925b\" data-element_type=\"column\" data-e-type=\"column\">\n\t\t\t<div class=\"elementor-widget-wrap elementor-element-populated\">\n\t\t\t\t\t\t<div class=\"elementor-element elementor-element-4039fe1 elementor-align-justify elementor-widget elementor-widget-button\" data-id=\"4039fe1\" data-element_type=\"widget\" data-e-type=\"widget\" data-widget_type=\"button.default\">\n\t\t\t\t<div class=\"elementor-widget-container\">\n\t\t\t\t\t\t\t\t\t<div class=\"elementor-button-wrapper\">\n\t\t\t\t\t<a class=\"elementor-button elementor-button-link elementor-size-sm\" href=\"https:\/\/www.cabinetpothet.com\/en\/expertises\/real-estate-law\/\">\n\t\t\t\t\t\t<span class=\"elementor-button-content-wrapper\">\n\t\t\t\t\t\t\t\t\t<span class=\"elementor-button-text\">real estate law<br><span style=\"font-size:20px\"> CONSTRUCTION - CO-OWNERSHIP - LEASES - SEIZURES - TOWN PLANNING<span><\/span>\n\t\t\t\t\t<\/span>\n\t\t\t\t\t<\/a>\n\t\t\t\t<\/div>\n\t\t\t\t\t\t\t\t<\/div>\n\t\t\t\t<\/div>\n\t\t\t\t<div class=\"elementor-element elementor-element-82dd6f5 elementor-align-justify elementor-widget elementor-widget-button\" data-id=\"82dd6f5\" data-element_type=\"widget\" data-e-type=\"widget\" data-widget_type=\"button.default\">\n\t\t\t\t<div class=\"elementor-widget-container\">\n\t\t\t\t\t\t\t\t\t<div class=\"elementor-button-wrapper\">\n\t\t\t\t\t<a class=\"elementor-button elementor-button-link elementor-size-sm\" href=\"https:\/\/www.cabinetpothet.com\/en\/expertises\/civil-right\/\">\n\t\t\t\t\t\t<span class=\"elementor-button-content-wrapper\">\n\t\t\t\t\t\t\t\t\t<span class=\"elementor-button-text\">civil right<br><span style=\"font-size:20px\"> CIVIL RESPONSIBILITIES \u2013 FAMILY LAW<span><\/span>\n\t\t\t\t\t<\/span>\n\t\t\t\t\t<\/a>\n\t\t\t\t<\/div>\n\t\t\t\t\t\t\t\t<\/div>\n\t\t\t\t<\/div>\n\t\t\t\t\t<\/div>\n\t\t<\/div>\n\t\t\t\t<div class=\"elementor-column elementor-col-50 elementor-top-column elementor-element elementor-element-a764ffa\" data-id=\"a764ffa\" data-element_type=\"column\" data-e-type=\"column\">\n\t\t\t<div class=\"elementor-widget-wrap elementor-element-populated\">\n\t\t\t\t\t\t<div class=\"elementor-element elementor-element-2901fca elementor-align-justify elementor-widget elementor-widget-button\" data-id=\"2901fca\" data-element_type=\"widget\" data-e-type=\"widget\" data-widget_type=\"button.default\">\n\t\t\t\t<div class=\"elementor-widget-container\">\n\t\t\t\t\t\t\t\t\t<div class=\"elementor-button-wrapper\">\n\t\t\t\t\t<a class=\"elementor-button elementor-button-link elementor-size-sm\" href=\"https:\/\/www.cabinetpothet.com\/en\/expertises\/criminal-law\/\">\n\t\t\t\t\t\t<span class=\"elementor-button-content-wrapper\">\n\t\t\t\t\t\t\t\t\t<span class=\"elementor-button-text\">Criminal Law<br><span style=\"font-size:20px\">GENERAL CRIMINAL - SOCIAL &amp; FISCAL - ROAD LAW<span><\/span>\n\t\t\t\t\t<\/span>\n\t\t\t\t\t<\/a>\n\t\t\t\t<\/div>\n\t\t\t\t\t\t\t\t<\/div>\n\t\t\t\t<\/div>\n\t\t\t\t<div class=\"elementor-element elementor-element-0adfcf0 elementor-align-justify elementor-widget elementor-widget-button\" data-id=\"0adfcf0\" data-element_type=\"widget\" data-e-type=\"widget\" data-widget_type=\"button.default\">\n\t\t\t\t<div class=\"elementor-widget-container\">\n\t\t\t\t\t\t\t\t\t<div class=\"elementor-button-wrapper\">\n\t\t\t\t\t<a class=\"elementor-button elementor-button-link elementor-size-sm\" href=\"https:\/\/www.cabinetpothet.com\/en\/expertises\/business-law\/\">\n\t\t\t\t\t\t<span class=\"elementor-button-content-wrapper\">\n\t\t\t\t\t\t\t\t\t<span class=\"elementor-button-text\">Business Law<br><span style=\"font-size:20px\">SOCIAL &amp; COMMERCIAL - LABOR LAW - CORPORATE LAW<span><\/span>\n\t\t\t\t\t<\/span>\n\t\t\t\t\t<\/a>\n\t\t\t\t<\/div>\n\t\t\t\t\t\t\t\t<\/div>\n\t\t\t\t<\/div>\n\t\t\t\t\t<\/div>\n\t\t<\/div>\n\t\t\t\t\t<\/div>\n\t\t<\/section>\n\t\t\t\t<section class=\"elementor-section elementor-top-section elementor-element elementor-element-86fc0a6 elementor-section-boxed elementor-section-height-default elementor-section-height-default\" data-id=\"86fc0a6\" data-element_type=\"section\" data-e-type=\"section\">\n\t\t\t\t\t\t<div class=\"elementor-container elementor-column-gap-default\">\n\t\t\t\t\t<div class=\"elementor-column elementor-col-100 elementor-top-column elementor-element elementor-element-b5b4f97\" data-id=\"b5b4f97\" data-element_type=\"column\" data-e-type=\"column\">\n\t\t\t<div class=\"elementor-widget-wrap elementor-element-populated\">\n\t\t\t\t\t\t<div class=\"elementor-element elementor-element-9a84c05 elementor-widget elementor-widget-wp-widget-bcn_widget\" data-id=\"9a84c05\" data-element_type=\"widget\" data-e-type=\"widget\" data-widget_type=\"wp-widget-bcn_widget.default\">\n\t\t\t\t<div class=\"elementor-widget-container\">\n\t\t\t\t\t<div class=\"breadcrumbs\" vocab=\"https:\/\/schema.org\/\" typeof=\"BreadcrumbList\"><span property=\"itemListElement\" typeof=\"ListItem\"><a property=\"item\" typeof=\"WebPage\" title=\"Go to Cabinet Pothet.\" href=\"https:\/\/www.cabinetpothet.com\/en\" class=\"home\" ><span property=\"name\">Cabinet Pothet<\/span><\/a><meta property=\"position\" content=\"1\"><\/span> &gt; <span property=\"itemListElement\" typeof=\"ListItem\"><a property=\"item\" typeof=\"WebPage\" title=\"Go to Our Publications.\" href=\"https:\/\/www.cabinetpothet.com\/en\/accueil\/nos-publications\/\" class=\"post-root post post-post\" aria-current=\"page\"><span property=\"name\">Our Publications<\/span><\/a><meta property=\"position\" content=\"2\"><\/span><\/div>\t\t\t\t<\/div>\n\t\t\t\t<\/div>\n\t\t\t\t\t<\/div>\n\t\t<\/div>\n\t\t\t\t\t<\/div>\n\t\t<\/section>\n\t\t\t\t<\/div>","protected":false},"excerpt":{"rendered":"<p>We are a general practice firm with over thirty years of experience in the south-east of France, particularly in the Gulf of Saint-Tropez. We assist our clients in developing pre-litigation and litigation strategies, and we represent them before all courts of first instance and appeal. The firm is available to its [\u2026]<\/p>\n<p><a class=\"btn btn-secondary understrap-read-more-link\" href=\"https:\/\/www.cabinetpothet.com\/en\/expertise\/\">Read More\u2026<span class=\"screen-reader-text\"> from Our expertise<\/span><\/a><\/p>","protected":false},"author":1,"featured_media":1751,"parent":0,"menu_order":10000,"comment_status":"closed","ping_status":"closed","template":"elementor_header_footer","meta":{"_acf_changed":false,"inline_featured_image":false,"footnotes":""},"class_list":["post-140","page","type-page","status-publish","has-post-thumbnail","hentry"],"acf":[],"yoast_head":"<!-- This site is optimized with the Yoast SEO plugin v27.4 - https:\/\/yoast.com\/product\/yoast-seo-wordpress\/ -->\n<title>Nos expertises d&#039;avocats | Cabinet Pothet<\/title>\n<meta name=\"description\" content=\"D\u00e9couvrez nos diff\u00e9rentes expertises comme le droit des affaires, le droit immobilier, le droit civil ou encore le droit p\u00e9nal.\" \/>\n<meta name=\"robots\" content=\"index, follow, max-snippet:-1, max-image-preview:large, max-video-preview:-1\" \/>\n<link rel=\"canonical\" href=\"https:\/\/www.cabinetpothet.com\/en\/expertise\/\" \/>\n<meta property=\"og:locale\" content=\"en_GB\" \/>\n<meta property=\"og:type\" content=\"article\" \/>\n<meta property=\"og:title\" content=\"Nos expertises d&#039;avocats | Cabinet Pothet\" \/>\n<meta property=\"og:description\" content=\"D\u00e9couvrez nos diff\u00e9rentes expertises comme le droit des affaires, le droit immobilier, le droit civil ou encore le droit p\u00e9nal.\" \/>\n<meta property=\"og:url\" content=\"https:\/\/www.cabinetpothet.com\/en\/expertise\/\" \/>\n<meta property=\"og:site_name\" content=\"Cabinet Pothet\" \/>\n<meta property=\"article:modified_time\" content=\"2023-12-11T21:50:13+00:00\" \/>\n<meta property=\"og:image\" content=\"https:\/\/www.cabinetpothet.com\/app\/uploads\/2022\/12\/cabinet-pothet-avocat-saint-tropez-expertises.jpg\" \/>\n\t<meta property=\"og:image:width\" content=\"2500\" \/>\n\t<meta property=\"og:image:height\" content=\"494\" \/>\n\t<meta property=\"og:image:type\" content=\"image\/jpeg\" \/>\n<meta name=\"twitter:card\" content=\"summary_large_image\" \/>\n<meta name=\"twitter:label1\" content=\"Estimated reading time\" \/>\n\t<meta name=\"twitter:data1\" content=\"1 minute\" \/>\n<script type=\"application\/ld+json\" class=\"yoast-schema-graph\">{\"@context\":\"https:\\\/\\\/schema.org\",\"@graph\":[{\"@type\":\"WebPage\",\"@id\":\"https:\\\/\\\/www.cabinetpothet.com\\\/expertises\\\/\",\"url\":\"https:\\\/\\\/www.cabinetpothet.com\\\/expertises\\\/\",\"name\":\"Nos expertises d'avocats | Cabinet Pothet\",\"isPartOf\":{\"@id\":\"https:\\\/\\\/www.cabinetpothet.com\\\/#website\"},\"primaryImageOfPage\":{\"@id\":\"https:\\\/\\\/www.cabinetpothet.com\\\/expertises\\\/#primaryimage\"},\"image\":{\"@id\":\"https:\\\/\\\/www.cabinetpothet.com\\\/expertises\\\/#primaryimage\"},\"thumbnailUrl\":\"https:\\\/\\\/www.cabinetpothet.com\\\/app\\\/uploads\\\/2022\\\/12\\\/cabinet-pothet-avocat-saint-tropez-expertises.jpg\",\"datePublished\":\"2022-10-29T08:42:16+00:00\",\"dateModified\":\"2023-12-11T21:50:13+00:00\",\"description\":\"D\u00e9couvrez nos diff\u00e9rentes expertises comme le droit des affaires, le droit immobilier, le droit civil ou encore le droit p\u00e9nal.\",\"breadcrumb\":{\"@id\":\"https:\\\/\\\/www.cabinetpothet.com\\\/expertises\\\/#breadcrumb\"},\"inLanguage\":\"en-GB\",\"potentialAction\":[{\"@type\":\"ReadAction\",\"target\":[\"https:\\\/\\\/www.cabinetpothet.com\\\/expertises\\\/\"]}]},{\"@type\":\"ImageObject\",\"inLanguage\":\"en-GB\",\"@id\":\"https:\\\/\\\/www.cabinetpothet.com\\\/expertises\\\/#primaryimage\",\"url\":\"https:\\\/\\\/www.cabinetpothet.com\\\/app\\\/uploads\\\/2022\\\/12\\\/cabinet-pothet-avocat-saint-tropez-expertises.jpg\",\"contentUrl\":\"https:\\\/\\\/www.cabinetpothet.com\\\/app\\\/uploads\\\/2022\\\/12\\\/cabinet-pothet-avocat-saint-tropez-expertises.jpg\",\"width\":2500,\"height\":494},{\"@type\":\"BreadcrumbList\",\"@id\":\"https:\\\/\\\/www.cabinetpothet.com\\\/expertises\\\/#breadcrumb\",\"itemListElement\":[{\"@type\":\"ListItem\",\"position\":1,\"name\":\"Accueil\",\"item\":\"https:\\\/\\\/www.cabinetpothet.com\\\/\"},{\"@type\":\"ListItem\",\"position\":2,\"name\":\"Nos expertises\"}]},{\"@type\":\"WebSite\",\"@id\":\"https:\\\/\\\/www.cabinetpothet.com\\\/#website\",\"url\":\"https:\\\/\\\/www.cabinetpothet.com\\\/\",\"name\":\"Cabinet Pothet\",\"description\":\"General law firm in the Saint Tropez area\",\"publisher\":{\"@id\":\"https:\\\/\\\/www.cabinetpothet.com\\\/#organization\"},\"potentialAction\":[{\"@type\":\"SearchAction\",\"target\":{\"@type\":\"EntryPoint\",\"urlTemplate\":\"https:\\\/\\\/www.cabinetpothet.com\\\/?s={search_term_string}\"},\"query-input\":{\"@type\":\"PropertyValueSpecification\",\"valueRequired\":true,\"valueName\":\"search_term_string\"}}],\"inLanguage\":\"en-GB\"},{\"@type\":\"Organization\",\"@id\":\"https:\\\/\\\/www.cabinetpothet.com\\\/#organization\",\"name\":\"Cabinet Pothet\",\"url\":\"https:\\\/\\\/www.cabinetpothet.com\\\/\",\"logo\":{\"@type\":\"ImageObject\",\"inLanguage\":\"en-GB\",\"@id\":\"https:\\\/\\\/www.cabinetpothet.com\\\/#\\\/schema\\\/logo\\\/image\\\/\",\"url\":\"https:\\\/\\\/www.cabinetpothet.com\\\/app\\\/uploads\\\/2022\\\/10\\\/Group-51.svg\",\"contentUrl\":\"https:\\\/\\\/www.cabinetpothet.com\\\/app\\\/uploads\\\/2022\\\/10\\\/Group-51.svg\",\"width\":68,\"height\":68,\"caption\":\"Cabinet Pothet\"},\"image\":{\"@id\":\"https:\\\/\\\/www.cabinetpothet.com\\\/#\\\/schema\\\/logo\\\/image\\\/\"}}]}<\/script>\n<!-- \/ Yoast SEO plugin. -->","yoast_head_json":{"title":"Our legal expertise | Cabinet Pothet","description":"Discover our different areas of expertise such as business law, real estate law, civil law and even criminal law.","robots":{"index":"index","follow":"follow","max-snippet":"max-snippet:-1","max-image-preview":"max-image-preview:large","max-video-preview":"max-video-preview:-1"},"canonical":"https:\/\/www.cabinetpothet.com\/en\/expertise\/","og_locale":"en_GB","og_type":"article","og_title":"Nos expertises d'avocats | Cabinet Pothet","og_description":"D\u00e9couvrez nos diff\u00e9rentes expertises comme le droit des affaires, le droit immobilier, le droit civil ou encore le droit p\u00e9nal.","og_url":"https:\/\/www.cabinetpothet.com\/en\/expertise\/","og_site_name":"Cabinet Pothet","article_modified_time":"2023-12-11T21:50:13+00:00","og_image":[{"width":2500,"height":494,"url":"https:\/\/www.cabinetpothet.com\/app\/uploads\/2022\/12\/cabinet-pothet-avocat-saint-tropez-expertises.jpg","type":"image\/jpeg"}],"twitter_card":"summary_large_image","twitter_misc":{"Estimated reading time":"1 minute"},"schema":{"@context":"https:\/\/schema.org","@graph":[{"@type":"WebPage","@id":"https:\/\/www.cabinetpothet.com\/expertises\/","url":"https:\/\/www.cabinetpothet.com\/expertises\/","name":"Our legal expertise | Cabinet Pothet","isPartOf":{"@id":"https:\/\/www.cabinetpothet.com\/#website"},"primaryImageOfPage":{"@id":"https:\/\/www.cabinetpothet.com\/expertises\/#primaryimage"},"image":{"@id":"https:\/\/www.cabinetpothet.com\/expertises\/#primaryimage"},"thumbnailUrl":"https:\/\/www.cabinetpothet.com\/app\/uploads\/2022\/12\/cabinet-pothet-avocat-saint-tropez-expertises.jpg","datePublished":"2022-10-29T08:42:16+00:00","dateModified":"2023-12-11T21:50:13+00:00","description":"Discover our different areas of expertise such as business law, real estate law, civil law and even criminal law.","breadcrumb":{"@id":"https:\/\/www.cabinetpothet.com\/expertises\/#breadcrumb"},"inLanguage":"en-GB","potentialAction":[{"@type":"ReadAction","target":["https:\/\/www.cabinetpothet.com\/expertises\/"]}]},{"@type":"ImageObject","inLanguage":"en-GB","@id":"https:\/\/www.cabinetpothet.com\/expertises\/#primaryimage","url":"https:\/\/www.cabinetpothet.com\/app\/uploads\/2022\/12\/cabinet-pothet-avocat-saint-tropez-expertises.jpg","contentUrl":"https:\/\/www.cabinetpothet.com\/app\/uploads\/2022\/12\/cabinet-pothet-avocat-saint-tropez-expertises.jpg","width":2500,"height":494},{"@type":"BreadcrumbList","@id":"https:\/\/www.cabinetpothet.com\/expertises\/#breadcrumb","itemListElement":[{"@type":"ListItem","position":1,"name":"Accueil","item":"https:\/\/www.cabinetpothet.com\/"},{"@type":"ListItem","position":2,"name":"Nos expertises"}]},{"@type":"WebSite","@id":"https:\/\/www.cabinetpothet.com\/#website","url":"https:\/\/www.cabinetpothet.com\/","name":"Cabinet Pothet","description":"General law firm in the Saint Tropez area","publisher":{"@id":"https:\/\/www.cabinetpothet.com\/#organization"},"potentialAction":[{"@type":"SearchAction","target":{"@type":"EntryPoint","urlTemplate":"https:\/\/www.cabinetpothet.com\/?s={search_term_string}"},"query-input":{"@type":"PropertyValueSpecification","valueRequired":true,"valueName":"search_term_string"}}],"inLanguage":"en-GB"},{"@type":"Organization","@id":"https:\/\/www.cabinetpothet.com\/#organization","name":"Cabinet Pothet","url":"https:\/\/www.cabinetpothet.com\/","logo":{"@type":"ImageObject","inLanguage":"en-GB","@id":"https:\/\/www.cabinetpothet.com\/#\/schema\/logo\/image\/","url":"https:\/\/www.cabinetpothet.com\/app\/uploads\/2022\/10\/Group-51.svg","contentUrl":"https:\/\/www.cabinetpothet.com\/app\/uploads\/2022\/10\/Group-51.svg","width":68,"height":68,"caption":"Cabinet Pothet"},"image":{"@id":"https:\/\/www.cabinetpothet.com\/#\/schema\/logo\/image\/"}}]}},"_links":{"self":[{"href":"https:\/\/www.cabinetpothet.com\/en\/wp-json\/wp\/v2\/pages\/140","targetHints":{"allow":["GET"]}}],"collection":[{"href":"https:\/\/www.cabinetpothet.com\/en\/wp-json\/wp\/v2\/pages"}],"about":[{"href":"https:\/\/www.cabinetpothet.com\/en\/wp-json\/wp\/v2\/types\/page"}],"author":[{"embeddable":true,"href":"https:\/\/www.cabinetpothet.com\/en\/wp-json\/wp\/v2\/users\/1"}],"replies":[{"embeddable":true,"href":"https:\/\/www.cabinetpothet.com\/en\/wp-json\/wp\/v2\/comments?post=140"}],"version-history":[{"count":5,"href":"https:\/\/www.cabinetpothet.com\/en\/wp-json\/wp\/v2\/pages\/140\/revisions"}],"predecessor-version":[{"id":3098,"href":"https:\/\/www.cabinetpothet.com\/en\/wp-json\/wp\/v2\/pages\/140\/revisions\/3098"}],"wp:featuredmedia":[{"embeddable":true,"href":"https:\/\/www.cabinetpothet.com\/en\/wp-json\/wp\/v2\/media\/1751"}],"wp:attachment":[{"href":"https:\/\/www.cabinetpothet.com\/en\/wp-json\/wp\/v2\/media?parent=140"}],"curies":[{"name":"wp","href":"https:\/\/api.w.org\/{rel}","templated":true}]}}