{"id":7,"date":"2022-10-21T09:31:08","date_gmt":"2022-10-21T07:31:08","guid":{"rendered":"https:\/\/www.cabinetpothet.com\/?page_id=7"},"modified":"2023-12-18T11:51:19","modified_gmt":"2023-12-18T10:51:19","slug":"accueil","status":"publish","type":"page","link":"https:\/\/www.cabinetpothet.com\/de\/","title":{"rendered":"Startseite"},"content":{"rendered":"<div data-elementor-type=\"wp-page\" data-elementor-id=\"7\" class=\"elementor elementor-7\" data-elementor-post-type=\"page\">\n\t\t\t\t\t\t<section class=\"elementor-section elementor-top-section elementor-element elementor-element-4740646 elementor-section-height-min-height home-slider elementor-section-boxed elementor-section-height-default elementor-section-items-middle\" data-id=\"4740646\" data-element_type=\"section\" data-e-type=\"section\" data-settings=\"{&quot;background_background&quot;:&quot;classic&quot;}\">\n\t\t\t\t\t\t<div class=\"elementor-container elementor-column-gap-default\">\n\t\t\t\t\t<div class=\"elementor-column elementor-col-100 elementor-top-column elementor-element elementor-element-e611c1a\" data-id=\"e611c1a\" data-element_type=\"column\" data-e-type=\"column\">\n\t\t\t<div class=\"elementor-widget-wrap elementor-element-populated\">\n\t\t\t\t\t\t<section class=\"elementor-section elementor-inner-section elementor-element elementor-element-20a94bb elementor-section-boxed elementor-section-height-default elementor-section-height-default\" data-id=\"20a94bb\" data-element_type=\"section\" data-e-type=\"section\">\n\t\t\t\t\t\t<div class=\"elementor-container elementor-column-gap-default\">\n\t\t\t\t\t<div class=\"elementor-column elementor-col-100 elementor-inner-column elementor-element elementor-element-84b0a17\" data-id=\"84b0a17\" data-element_type=\"column\" data-e-type=\"column\">\n\t\t\t<div class=\"elementor-widget-wrap elementor-element-populated\">\n\t\t\t\t\t\t<div class=\"elementor-element elementor-element-ac6acd4 elementor-widget elementor-widget-heading\" data-id=\"ac6acd4\" data-element_type=\"widget\" data-e-type=\"widget\" data-widget_type=\"heading.default\">\n\t\t\t\t<div class=\"elementor-widget-container\">\n\t\t\t\t\t<h1 class=\"elementor-heading-title elementor-size-xl\">Allgemeine Anwaltskanzlei des Golfs von Saint-Tropez. <br><\/h1>\t\t\t\t<\/div>\n\t\t\t\t<\/div>\n\t\t\t\t<div class=\"elementor-element elementor-element-a62d7e5 elementor-widget elementor-widget-heading\" data-id=\"a62d7e5\" data-element_type=\"widget\" data-e-type=\"widget\" data-widget_type=\"heading.default\">\n\t\t\t\t<div class=\"elementor-widget-container\">\n\t\t\t\t\t<h2 class=\"elementor-heading-title elementor-size-xl\">Sie verteidigen in <br>alles <span>Gewissen<\/span> und <span>Unabh\u00e4ngigkeit<\/span>.<\/h2>\t\t\t\t<\/div>\n\t\t\t\t<\/div>\n\t\t\t\t<div class=\"elementor-element elementor-element-ae31f9c elementor-widget elementor-widget-button\" data-id=\"ae31f9c\" data-element_type=\"widget\" data-e-type=\"widget\" data-widget_type=\"button.default\">\n\t\t\t\t<div class=\"elementor-widget-container\">\n\t\t\t\t\t\t\t\t\t<div class=\"elementor-button-wrapper\">\n\t\t\t\t\t<a class=\"elementor-button elementor-button-link elementor-size-sm\" href=\"https:\/\/www.cabinetpothet.com\/de\/expertisen\/\">\n\t\t\t\t\t\t<span class=\"elementor-button-content-wrapper\">\n\t\t\t\t\t\t<span class=\"elementor-button-icon\">\n\t\t\t\t<i aria-hidden=\"true\" class=\"fas fa-caret-right\"><\/i>\t\t\t<\/span>\n\t\t\t\t\t\t\t\t\t<span class=\"elementor-button-text\">unsere Fachgebiete  <\/span>\n\t\t\t\t\t<\/span>\n\t\t\t\t\t<\/a>\n\t\t\t\t<\/div>\n\t\t\t\t\t\t\t\t<\/div>\n\t\t\t\t<\/div>\n\t\t\t\t\t<\/div>\n\t\t<\/div>\n\t\t\t\t\t<\/div>\n\t\t<\/section>\n\t\t\t\t\t<\/div>\n\t\t<\/div>\n\t\t\t\t\t<\/div>\n\t\t<\/section>\n\t\t\t\t<section class=\"elementor-section elementor-top-section elementor-element elementor-element-6eff0a4 elementor-section-boxed elementor-section-height-default elementor-section-height-default\" data-id=\"6eff0a4\" data-element_type=\"section\" data-e-type=\"section\">\n\t\t\t\t\t\t<div class=\"elementor-container elementor-column-gap-default\">\n\t\t\t\t\t<div class=\"elementor-column elementor-col-100 elementor-top-column elementor-element elementor-element-5a93c94\" data-id=\"5a93c94\" data-element_type=\"column\" data-e-type=\"column\">\n\t\t\t<div class=\"elementor-widget-wrap elementor-element-populated\">\n\t\t\t\t\t\t<section class=\"elementor-section elementor-inner-section elementor-element elementor-element-75ddff4 elementor-section-boxed elementor-section-height-default elementor-section-height-default\" data-id=\"75ddff4\" data-element_type=\"section\" data-e-type=\"section\">\n\t\t\t\t\t\t<div class=\"elementor-container elementor-column-gap-default\">\n\t\t\t\t\t<div class=\"elementor-column elementor-col-100 elementor-inner-column elementor-element elementor-element-dc23f08\" data-id=\"dc23f08\" data-element_type=\"column\" data-e-type=\"column\">\n\t\t\t<div class=\"elementor-widget-wrap elementor-element-populated\">\n\t\t\t\t\t\t<div class=\"elementor-element elementor-element-b08335f elementor-widget elementor-widget-shortcode\" data-id=\"b08335f\" data-element_type=\"widget\" data-e-type=\"widget\" data-widget_type=\"shortcode.default\">\n\t\t\t\t<div class=\"elementor-widget-container\">\n\t\t\t\t\t\t\t<div class=\"elementor-shortcode\">\n\n\n\t<div class=\"row d-none d-xl-flex\">\n\t\t\n\t\t\t<div class=\"col address_column\">\n\t\t\t\t<a href=\"https:\/\/www.cabinetpothet.com\/de\/kontakt\/?url=saint-tropez\">\n\t\t\t\t\t<div class=\"image\">\n\t\t\t\t\t\t\t\t\t\t\t\t\t<img decoding=\"async\" src=\"https:\/\/www.cabinetpothet.com\/app\/uploads\/2022\/10\/icon.svg\" class=\"withouthover\" alt=\"Lokalisierungssymbol Anwaltskanzlei Kanzlei Pothet\" \/>\n\t\t\t\t\t\t\n\t\t\t\t\t\t<img fetchpriority=\"high\" decoding=\"async\" width=\"640\" height=\"640\" src=\"https:\/\/www.cabinetpothet.com\/app\/uploads\/2022\/10\/Group-46.svg\" class=\"attachment-large size-large wp-post-image\" alt=\"Kontakt cabinet avocats Pothet\" \/>\t\t\t\t\t<\/div>\n\t\t\t\t\t<div class=\"content\">\n\t\t\t\t\t\t\t\t\t\t\t\t\t<h3>CABINET DE SAINT-TROPEZ<\/h3>\n\t\t\t\t\t\t\t\t\t\t\t\t<p><p>traverse des lices \u2013 Postfach 220<br \/>\n83990 Saint-Tropez cedex<\/p>\n<\/p>\n\t\t\t\t\t<\/div>\n\t\t\t\t<\/a>\n\n\t\t\t<\/div>\n\n\t\t\n\t\t\t<div class=\"col address_column\">\n\t\t\t\t<a href=\"https:\/\/www.cabinetpothet.com\/de\/kontakt\/?url=frejus\">\n\t\t\t\t\t<div class=\"image\">\n\t\t\t\t\t\t\t\t\t\t\t\t\t<img decoding=\"async\" src=\"https:\/\/www.cabinetpothet.com\/app\/uploads\/2022\/10\/icon.svg\" class=\"withouthover\" alt=\"Lokalisierungssymbol Anwaltskanzlei Kanzlei Pothet\" \/>\n\t\t\t\t\t\t\n\t\t\t\t\t\t<img fetchpriority=\"high\" decoding=\"async\" width=\"640\" height=\"640\" src=\"https:\/\/www.cabinetpothet.com\/app\/uploads\/2022\/10\/Group-46.svg\" class=\"attachment-large size-large wp-post-image\" alt=\"Kontakt cabinet avocats Pothet\" \/>\t\t\t\t\t<\/div>\n\t\t\t\t\t<div class=\"content\">\n\t\t\t\t\t\t\t\t\t\t\t\t\t<h3>CABINET DE FREJUS<\/h3>\n\t\t\t\t\t\t\t\t\t\t\t\t<p><p>31 rue jean bacchi<br \/>\n83600 Fr\u00e9jus<\/p>\n<\/p>\n\t\t\t\t\t<\/div>\n\t\t\t\t<\/a>\n\n\t\t\t<\/div>\n\n\t\t\n\t\t\t<div class=\"col address_column\">\n\t\t\t\t<a href=\"https:\/\/www.cabinetpothet.com\/de\/kontakt\/?url=sainte-maxime\">\n\t\t\t\t\t<div class=\"image\">\n\t\t\t\t\t\t\t\t\t\t\t\t\t<img decoding=\"async\" src=\"https:\/\/www.cabinetpothet.com\/app\/uploads\/2022\/10\/icon.svg\" class=\"withouthover\" alt=\"Lokalisierungssymbol Anwaltskanzlei Kanzlei Pothet\" \/>\n\t\t\t\t\t\t\n\t\t\t\t\t\t<img fetchpriority=\"high\" decoding=\"async\" width=\"640\" height=\"640\" src=\"https:\/\/www.cabinetpothet.com\/app\/uploads\/2022\/10\/Group-46.svg\" class=\"attachment-large size-large wp-post-image\" alt=\"Kontakt cabinet avocats Pothet\" \/>\t\t\t\t\t<\/div>\n\t\t\t\t\t<div class=\"content\">\n\t\t\t\t\t\t\t\t\t\t\t\t\t<h3>CABINET DE SAINTE-MAXIME<\/h3>\n\t\t\t\t\t\t\t\t\t\t\t\t<p><p>22 Avenue Charles de Gaulle<br \/>\n83120 Sainte-Maxime<\/p>\n<\/p>\n\t\t\t\t\t<\/div>\n\t\t\t\t<\/a>\n\n\t\t\t<\/div>\n\n\t\t\n\t\t\t<div class=\"col address_column\">\n\t\t\t\t<a href=\"https:\/\/www.cabinetpothet.com\/de\/kontakt\/?url=cavalaire\">\n\t\t\t\t\t<div class=\"image\">\n\t\t\t\t\t\t\t\t\t\t\t\t\t<img decoding=\"async\" src=\"https:\/\/www.cabinetpothet.com\/app\/uploads\/2022\/10\/icon.svg\" class=\"withouthover\" alt=\"Lokalisierungssymbol Anwaltskanzlei Kanzlei Pothet\" \/>\n\t\t\t\t\t\t\n\t\t\t\t\t\t<img fetchpriority=\"high\" decoding=\"async\" width=\"640\" height=\"640\" src=\"https:\/\/www.cabinetpothet.com\/app\/uploads\/2022\/10\/Group-46.svg\" class=\"attachment-large size-large wp-post-image\" alt=\"Kontakt cabinet avocats Pothet\" \/>\t\t\t\t\t<\/div>\n\t\t\t\t\t<div class=\"content\">\n\t\t\t\t\t\t\t\t\t\t\t\t\t<h3>CABINET DE CAVALAIRE<\/h3>\n\t\t\t\t\t\t\t\t\t\t\t\t<p><p>Rue Gabriel P\u00e9ri<br \/>\n83240 Cavalaire-sur-Mer<\/p>\n<\/p>\n\t\t\t\t\t<\/div>\n\t\t\t\t<\/a>\n\n\t\t\t<\/div>\n\n\t\t\n\t\t\t<div class=\"col address_column\">\n\t\t\t\t<a href=\"https:\/\/www.cabinetpothet.com\/de\/kontakt\/?url=paris\">\n\t\t\t\t\t<div class=\"image\">\n\t\t\t\t\t\t\t\t\t\t\t\t\t<img decoding=\"async\" src=\"https:\/\/www.cabinetpothet.com\/app\/uploads\/2022\/10\/icon.svg\" class=\"withouthover\" alt=\"Lokalisierungssymbol Anwaltskanzlei Kanzlei Pothet\" \/>\n\t\t\t\t\t\t\n\t\t\t\t\t\t<img fetchpriority=\"high\" decoding=\"async\" width=\"640\" height=\"640\" src=\"https:\/\/www.cabinetpothet.com\/app\/uploads\/2022\/10\/Group-46.svg\" class=\"attachment-large size-large wp-post-image\" alt=\"Kontakt cabinet avocats Pothet\" \/>\t\t\t\t\t<\/div>\n\t\t\t\t\t<div class=\"content\">\n\t\t\t\t\t\t\t\t\t\t\t\t\t<h3>CABINET DE PARIS<\/h3>\n\t\t\t\t\t\t\t\t\t\t\t\t<p><p>207 Boulevard Saint-Germain<br \/>\n75007 Paris<\/p>\n<\/p>\n\t\t\t\t\t<\/div>\n\t\t\t\t<\/a>\n\n\t\t\t<\/div>\n\n\t\t\t<\/div>\n\n\t<div class=\"home-address-scroll d-xl-none\">\n\t\t\n\t\t\t<div>\n\t\t\t\t<div class=\"address_column\">\n\t\t\t\t\t<a href=\"https:\/\/www.cabinetpothet.com\/de\/kontakt\/?url=saint-tropez\">\n\t\t\t\t\t\t<div class=\"image\">\n\t\t\t\t\t\t\t\t\t\t\t\t\t\t\t<img decoding=\"async\" src=\"https:\/\/www.cabinetpothet.com\/app\/uploads\/2022\/10\/icon.svg\" class=\"withouthover\" alt=\"Lokalisierungssymbol Anwaltskanzlei Kanzlei Pothet\" \/>\n\t\t\t\t\t\t\t\n\t\t\t\t\t\t\t<img fetchpriority=\"high\" decoding=\"async\" width=\"640\" height=\"640\" src=\"https:\/\/www.cabinetpothet.com\/app\/uploads\/2022\/10\/Group-46.svg\" class=\"attachment-large size-large wp-post-image\" alt=\"Kontakt cabinet avocats Pothet\" \/>\t\t\t\t\t\t<\/div>\n\t\t\t\t\t\t<div class=\"content\">\n\t\t\t\t\t\t\t\t\t\t\t\t\t\t\t<h3>CABINET DE SAINT-TROPEZ<\/h3>\n\t\t\t\t\t\t\t\t\t\t\t\t\t\t<p><p>traverse des lices \u2013 Postfach 220<br \/>\n83990 Saint-Tropez cedex<\/p>\n<\/p>\n\t\t\t\t\t\t<\/div>\n\t\t\t\t\t<\/a>\n\n\t\t\t\t<\/div>\n\t\t\t<\/div>\n\t\t\n\t\t\t<div>\n\t\t\t\t<div class=\"address_column\">\n\t\t\t\t\t<a href=\"https:\/\/www.cabinetpothet.com\/de\/kontakt\/?url=frejus\">\n\t\t\t\t\t\t<div class=\"image\">\n\t\t\t\t\t\t\t\t\t\t\t\t\t\t\t<img decoding=\"async\" src=\"https:\/\/www.cabinetpothet.com\/app\/uploads\/2022\/10\/icon.svg\" class=\"withouthover\" alt=\"Lokalisierungssymbol Anwaltskanzlei Kanzlei Pothet\" \/>\n\t\t\t\t\t\t\t\n\t\t\t\t\t\t\t<img fetchpriority=\"high\" decoding=\"async\" width=\"640\" height=\"640\" src=\"https:\/\/www.cabinetpothet.com\/app\/uploads\/2022\/10\/Group-46.svg\" class=\"attachment-large size-large wp-post-image\" alt=\"Kontakt cabinet avocats Pothet\" \/>\t\t\t\t\t\t<\/div>\n\t\t\t\t\t\t<div class=\"content\">\n\t\t\t\t\t\t\t\t\t\t\t\t\t\t\t<h3>CABINET DE FREJUS<\/h3>\n\t\t\t\t\t\t\t\t\t\t\t\t\t\t<p><p>31 rue jean bacchi<br \/>\n83600 Fr\u00e9jus<\/p>\n<\/p>\n\t\t\t\t\t\t<\/div>\n\t\t\t\t\t<\/a>\n\n\t\t\t\t<\/div>\n\t\t\t<\/div>\n\t\t\n\t\t\t<div>\n\t\t\t\t<div class=\"address_column\">\n\t\t\t\t\t<a href=\"https:\/\/www.cabinetpothet.com\/de\/kontakt\/?url=sainte-maxime\">\n\t\t\t\t\t\t<div class=\"image\">\n\t\t\t\t\t\t\t\t\t\t\t\t\t\t\t<img decoding=\"async\" src=\"https:\/\/www.cabinetpothet.com\/app\/uploads\/2022\/10\/icon.svg\" class=\"withouthover\" alt=\"Lokalisierungssymbol Anwaltskanzlei Kanzlei Pothet\" \/>\n\t\t\t\t\t\t\t\n\t\t\t\t\t\t\t<img fetchpriority=\"high\" decoding=\"async\" width=\"640\" height=\"640\" src=\"https:\/\/www.cabinetpothet.com\/app\/uploads\/2022\/10\/Group-46.svg\" class=\"attachment-large size-large wp-post-image\" alt=\"Kontakt cabinet avocats Pothet\" \/>\t\t\t\t\t\t<\/div>\n\t\t\t\t\t\t<div class=\"content\">\n\t\t\t\t\t\t\t\t\t\t\t\t\t\t\t<h3>CABINET DE SAINTE-MAXIME<\/h3>\n\t\t\t\t\t\t\t\t\t\t\t\t\t\t<p><p>22 Avenue Charles de Gaulle<br \/>\n83120 Sainte-Maxime<\/p>\n<\/p>\n\t\t\t\t\t\t<\/div>\n\t\t\t\t\t<\/a>\n\n\t\t\t\t<\/div>\n\t\t\t<\/div>\n\t\t\n\t\t\t<div>\n\t\t\t\t<div class=\"address_column\">\n\t\t\t\t\t<a href=\"https:\/\/www.cabinetpothet.com\/de\/kontakt\/?url=cavalaire\">\n\t\t\t\t\t\t<div class=\"image\">\n\t\t\t\t\t\t\t\t\t\t\t\t\t\t\t<img decoding=\"async\" src=\"https:\/\/www.cabinetpothet.com\/app\/uploads\/2022\/10\/icon.svg\" class=\"withouthover\" alt=\"Lokalisierungssymbol Anwaltskanzlei Kanzlei Pothet\" \/>\n\t\t\t\t\t\t\t\n\t\t\t\t\t\t\t<img fetchpriority=\"high\" decoding=\"async\" width=\"640\" height=\"640\" src=\"https:\/\/www.cabinetpothet.com\/app\/uploads\/2022\/10\/Group-46.svg\" class=\"attachment-large size-large wp-post-image\" alt=\"Kontakt cabinet avocats Pothet\" \/>\t\t\t\t\t\t<\/div>\n\t\t\t\t\t\t<div class=\"content\">\n\t\t\t\t\t\t\t\t\t\t\t\t\t\t\t<h3>CABINET DE CAVALAIRE<\/h3>\n\t\t\t\t\t\t\t\t\t\t\t\t\t\t<p><p>Rue Gabriel P\u00e9ri<br \/>\n83240 Cavalaire-sur-Mer<\/p>\n<\/p>\n\t\t\t\t\t\t<\/div>\n\t\t\t\t\t<\/a>\n\n\t\t\t\t<\/div>\n\t\t\t<\/div>\n\t\t\n\t\t\t<div>\n\t\t\t\t<div class=\"address_column\">\n\t\t\t\t\t<a href=\"https:\/\/www.cabinetpothet.com\/de\/kontakt\/?url=paris\">\n\t\t\t\t\t\t<div class=\"image\">\n\t\t\t\t\t\t\t\t\t\t\t\t\t\t\t<img decoding=\"async\" src=\"https:\/\/www.cabinetpothet.com\/app\/uploads\/2022\/10\/icon.svg\" class=\"withouthover\" alt=\"Lokalisierungssymbol Anwaltskanzlei Kanzlei Pothet\" \/>\n\t\t\t\t\t\t\t\n\t\t\t\t\t\t\t<img fetchpriority=\"high\" decoding=\"async\" width=\"640\" height=\"640\" src=\"https:\/\/www.cabinetpothet.com\/app\/uploads\/2022\/10\/Group-46.svg\" class=\"attachment-large size-large wp-post-image\" alt=\"Kontakt cabinet avocats Pothet\" \/>\t\t\t\t\t\t<\/div>\n\t\t\t\t\t\t<div class=\"content\">\n\t\t\t\t\t\t\t\t\t\t\t\t\t\t\t<h3>CABINET DE PARIS<\/h3>\n\t\t\t\t\t\t\t\t\t\t\t\t\t\t<p><p>207 Boulevard Saint-Germain<br \/>\n75007 Paris<\/p>\n<\/p>\n\t\t\t\t\t\t<\/div>\n\t\t\t\t\t<\/a>\n\n\t\t\t\t<\/div>\n\t\t\t<\/div>\n\t\t\t<\/div>\n<\/div>\n\t\t\t\t\t\t<\/div>\n\t\t\t\t<\/div>\n\t\t\t\t\t<\/div>\n\t\t<\/div>\n\t\t\t\t\t<\/div>\n\t\t<\/section>\n\t\t\t\t\t<\/div>\n\t\t<\/div>\n\t\t\t\t\t<\/div>\n\t\t<\/section>\n\t\t\t\t<section class=\"elementor-section elementor-top-section elementor-element elementor-element-a14c191 elementor-section-boxed elementor-section-height-default elementor-section-height-default\" data-id=\"a14c191\" data-element_type=\"section\" data-e-type=\"section\">\n\t\t\t\t\t\t<div class=\"elementor-container elementor-column-gap-default\">\n\t\t\t\t\t<div class=\"elementor-column elementor-col-100 elementor-top-column elementor-element elementor-element-d582a97\" data-id=\"d582a97\" data-element_type=\"column\" data-e-type=\"column\">\n\t\t\t<div class=\"elementor-widget-wrap elementor-element-populated\">\n\t\t\t\t\t\t<div class=\"elementor-element elementor-element-fbdb13d elementor-widget elementor-widget-wp-widget-bcn_widget\" data-id=\"fbdb13d\" data-element_type=\"widget\" data-e-type=\"widget\" data-widget_type=\"wp-widget-bcn_widget.default\">\n\t\t\t\t<div class=\"elementor-widget-container\">\n\t\t\t\t\t<div class=\"breadcrumbs\" vocab=\"https:\/\/schema.org\/\" typeof=\"BreadcrumbList\"><span property=\"itemListElement\" typeof=\"ListItem\"><a property=\"item\" typeof=\"WebPage\" title=\"Gehen Sie zu Cabinet Pothet.\" href=\"https:\/\/www.cabinetpothet.com\/de\" class=\"home\" ><span property=\"name\">Kabinett Pothet<\/span><\/a><meta property=\"position\" content=\"1\"><\/span> Ein Zeichen <span property=\"itemListElement\" typeof=\"ListItem\"><a property=\"item\" typeof=\"WebPage\" title=\"Go to Nos Publications.\" href=\"https:\/\/www.cabinetpothet.com\/de\/accueil\/nos-publications\/\" class=\"post-root post post-post\" aria-current=\"page\"><span property=\"name\">Nos Publications<\/span><\/a><meta property=\"position\" content=\"2\"><\/span><\/div>\t\t\t\t<\/div>\n\t\t\t\t<\/div>\n\t\t\t\t\t<\/div>\n\t\t<\/div>\n\t\t\t\t\t<\/div>\n\t\t<\/section>\n\t\t\t\t<\/div>","protected":false},"excerpt":{"rendered":"<p>Cabinet d&rsquo;avocats g\u00e9n\u00e9raliste du golfe de saint-tropez. vous d\u00e9fendre en toute conscience et ind\u00e9pendance. nos domaines d&rsquo;expertise [&#8230;]<\/p>\n<p><a class=\"btn btn-secondary understrap-read-more-link\" href=\"https:\/\/www.cabinetpothet.com\/de\/address\/paris\/\">Weiterlesen&#8230;<span class=\"screen-reader-text\"> from PARIS<\/span><\/a><\/p>","protected":false},"author":1,"featured_media":0,"parent":0,"menu_order":1,"comment_status":"closed","ping_status":"closed","template":"elementor_header_footer","meta":{"_acf_changed":false,"inline_featured_image":false,"footnotes":""},"class_list":["post-7","page","type-page","status-publish","hentry"],"acf":[],"yoast_head":"<!-- This site is optimized with the Yoast SEO plugin v27.4 - https:\/\/yoast.com\/product\/yoast-seo-wordpress\/ -->\n<title>Cabinet d&#039;Avocats \u00e0 Saint Tropez | Cabinet Pothet<\/title>\n<meta name=\"description\" content=\"Notre cabinet, fort de plus de 30 ans d&#039;exp\u00e9rience, est reconnu pour ses expertises en droit des affaires, p\u00e9nal, civil et immobilier.\" \/>\n<meta name=\"robots\" content=\"index, follow, max-snippet:-1, max-image-preview:large, max-video-preview:-1\" \/>\n<link rel=\"canonical\" href=\"https:\/\/www.cabinetpothet.com\/de\/\" \/>\n<meta property=\"og:locale\" content=\"de_DE\" \/>\n<meta property=\"og:type\" content=\"article\" \/>\n<meta property=\"og:title\" content=\"Cabinet d&#039;Avocats \u00e0 Saint Tropez | Cabinet Pothet\" \/>\n<meta property=\"og:description\" content=\"Notre cabinet, fort de plus de 30 ans d&#039;exp\u00e9rience, est reconnu pour ses expertises en droit des affaires, p\u00e9nal, civil et immobilier.\" \/>\n<meta property=\"og:url\" content=\"https:\/\/www.cabinetpothet.com\/de\/\" \/>\n<meta property=\"og:site_name\" content=\"Cabinet Pothet\" \/>\n<meta property=\"article:modified_time\" content=\"2023-12-18T10:51:19+00:00\" \/>\n<meta property=\"og:image\" content=\"https:\/\/www.cabinetpothet.com\/app\/uploads\/2023\/02\/01_LOGO_CABINETPOTHET.jpg\" \/>\n\t<meta property=\"og:image:width\" content=\"1200\" \/>\n\t<meta property=\"og:image:height\" content=\"675\" \/>\n\t<meta property=\"og:image:type\" content=\"image\/jpeg\" \/>\n<meta name=\"twitter:card\" content=\"summary_large_image\" \/>\n<meta name=\"twitter:label1\" content=\"Est. reading time\" \/>\n\t<meta name=\"twitter:data1\" content=\"5 minutes\" \/>\n<script type=\"application\/ld+json\" class=\"yoast-schema-graph\">{\"@context\":\"https:\\\/\\\/schema.org\",\"@graph\":[{\"@type\":\"WebPage\",\"@id\":\"https:\\\/\\\/www.cabinetpothet.com\\\/\",\"url\":\"https:\\\/\\\/www.cabinetpothet.com\\\/\",\"name\":\"Cabinet d'Avocats \u00e0 Saint Tropez | Cabinet Pothet\",\"isPartOf\":{\"@id\":\"https:\\\/\\\/www.cabinetpothet.com\\\/#website\"},\"datePublished\":\"2022-10-21T07:31:08+00:00\",\"dateModified\":\"2023-12-18T10:51:19+00:00\",\"description\":\"Notre cabinet, fort de plus de 30 ans d'exp\u00e9rience, est reconnu pour ses expertises en droit des affaires, p\u00e9nal, civil et immobilier.\",\"breadcrumb\":{\"@id\":\"https:\\\/\\\/www.cabinetpothet.com\\\/#breadcrumb\"},\"inLanguage\":\"de-DE\",\"potentialAction\":[{\"@type\":\"ReadAction\",\"target\":[\"https:\\\/\\\/www.cabinetpothet.com\\\/\"]}]},{\"@type\":\"BreadcrumbList\",\"@id\":\"https:\\\/\\\/www.cabinetpothet.com\\\/#breadcrumb\",\"itemListElement\":[{\"@type\":\"ListItem\",\"position\":1,\"name\":\"Accueil\",\"item\":\"https:\\\/\\\/www.cabinetpothet.com\\\/\"},{\"@type\":\"ListItem\",\"position\":2,\"name\":\"Accueil\"}]},{\"@type\":\"WebSite\",\"@id\":\"https:\\\/\\\/www.cabinetpothet.com\\\/#website\",\"url\":\"https:\\\/\\\/www.cabinetpothet.com\\\/\",\"name\":\"Cabinet Pothet\",\"description\":\"General law firm in the Saint Tropez area\",\"publisher\":{\"@id\":\"https:\\\/\\\/www.cabinetpothet.com\\\/#organization\"},\"potentialAction\":[{\"@type\":\"SearchAction\",\"target\":{\"@type\":\"EntryPoint\",\"urlTemplate\":\"https:\\\/\\\/www.cabinetpothet.com\\\/?s={search_term_string}\"},\"query-input\":{\"@type\":\"PropertyValueSpecification\",\"valueRequired\":true,\"valueName\":\"search_term_string\"}}],\"inLanguage\":\"de-DE\"},{\"@type\":\"Organization\",\"@id\":\"https:\\\/\\\/www.cabinetpothet.com\\\/#organization\",\"name\":\"Cabinet Pothet\",\"url\":\"https:\\\/\\\/www.cabinetpothet.com\\\/\",\"logo\":{\"@type\":\"ImageObject\",\"inLanguage\":\"de-DE\",\"@id\":\"https:\\\/\\\/www.cabinetpothet.com\\\/#\\\/schema\\\/logo\\\/image\\\/\",\"url\":\"https:\\\/\\\/www.cabinetpothet.com\\\/app\\\/uploads\\\/2022\\\/10\\\/Group-51.svg\",\"contentUrl\":\"https:\\\/\\\/www.cabinetpothet.com\\\/app\\\/uploads\\\/2022\\\/10\\\/Group-51.svg\",\"width\":68,\"height\":68,\"caption\":\"Cabinet Pothet\"},\"image\":{\"@id\":\"https:\\\/\\\/www.cabinetpothet.com\\\/#\\\/schema\\\/logo\\\/image\\\/\"}}]}<\/script>\n<!-- \/ Yoast SEO plugin. -->","yoast_head_json":{"title":"Anwaltskanzlei in Saint Tropez | Cabinet Pothet","description":"Unsere Kanzlei, mit \u00fcber 30 Jahren Erfahrung, ist bekannt f\u00fcr ihre Expertise im Wirtschafts-, Straf-, Zivil- und Immobilienrecht.","robots":{"index":"index","follow":"follow","max-snippet":"max-snippet:-1","max-image-preview":"max-image-preview:large","max-video-preview":"max-video-preview:-1"},"canonical":"https:\/\/www.cabinetpothet.com\/de\/","og_locale":"de_DE","og_type":"article","og_title":"Cabinet d'Avocats \u00e0 Saint Tropez | Cabinet Pothet","og_description":"Notre cabinet, fort de plus de 30 ans d'exp\u00e9rience, est reconnu pour ses expertises en droit des affaires, p\u00e9nal, civil et immobilier.","og_url":"https:\/\/www.cabinetpothet.com\/de\/","og_site_name":"Cabinet Pothet","article_modified_time":"2023-12-18T10:51:19+00:00","og_image":[{"width":1200,"height":675,"url":"https:\/\/www.cabinetpothet.com\/app\/uploads\/2023\/02\/01_LOGO_CABINETPOTHET.jpg","type":"image\/jpeg"}],"twitter_card":"summary_large_image","twitter_misc":{"Est. reading time":"5 minutes"},"schema":{"@context":"https:\/\/schema.org","@graph":[{"@type":"WebPage","@id":"https:\/\/www.cabinetpothet.com\/","url":"https:\/\/www.cabinetpothet.com\/","name":"Anwaltskanzlei in Saint Tropez | Cabinet Pothet","isPartOf":{"@id":"https:\/\/www.cabinetpothet.com\/#website"},"datePublished":"2022-10-21T07:31:08+00:00","dateModified":"2023-12-18T10:51:19+00:00","description":"Unsere Kanzlei, mit \u00fcber 30 Jahren Erfahrung, ist bekannt f\u00fcr ihre Expertise im Wirtschafts-, Straf-, Zivil- und Immobilienrecht.","breadcrumb":{"@id":"https:\/\/www.cabinetpothet.com\/#breadcrumb"},"inLanguage":"de-DE","potentialAction":[{"@type":"ReadAction","target":["https:\/\/www.cabinetpothet.com\/"]}]},{"@type":"BreadcrumbList","@id":"https:\/\/www.cabinetpothet.com\/#breadcrumb","itemListElement":[{"@type":"ListItem","position":1,"name":"Accueil","item":"https:\/\/www.cabinetpothet.com\/"},{"@type":"ListItem","position":2,"name":"Accueil"}]},{"@type":"WebSite","@id":"https:\/\/www.cabinetpothet.com\/#website","url":"https:\/\/www.cabinetpothet.com\/","name":"Kabinett Pothet","description":"Allgemeine Anwaltskanzlei im Raum Saint-Tropez","publisher":{"@id":"https:\/\/www.cabinetpothet.com\/#organization"},"potentialAction":[{"@type":"SearchAction","target":{"@type":"EntryPoint","urlTemplate":"https:\/\/www.cabinetpothet.com\/?s={search_term_string}"},"query-input":{"@type":"PropertyValueSpecification","valueRequired":true,"valueName":"search_term_string"}}],"inLanguage":"de-DE"},{"@type":"Organization","@id":"https:\/\/www.cabinetpothet.com\/#organization","name":"Kabinett Pothet","url":"https:\/\/www.cabinetpothet.com\/","logo":{"@type":"ImageObject","inLanguage":"de-DE","@id":"https:\/\/www.cabinetpothet.com\/#\/schema\/logo\/image\/","url":"https:\/\/www.cabinetpothet.com\/app\/uploads\/2022\/10\/Group-51.svg","contentUrl":"https:\/\/www.cabinetpothet.com\/app\/uploads\/2022\/10\/Group-51.svg","width":68,"height":68,"caption":"Cabinet Pothet"},"image":{"@id":"https:\/\/www.cabinetpothet.com\/#\/schema\/logo\/image\/"}}]}},"_links":{"self":[{"href":"https:\/\/www.cabinetpothet.com\/de\/wp-json\/wp\/v2\/pages\/7","targetHints":{"allow":["GET"]}}],"collection":[{"href":"https:\/\/www.cabinetpothet.com\/de\/wp-json\/wp\/v2\/pages"}],"about":[{"href":"https:\/\/www.cabinetpothet.com\/de\/wp-json\/wp\/v2\/types\/page"}],"author":[{"embeddable":true,"href":"https:\/\/www.cabinetpothet.com\/de\/wp-json\/wp\/v2\/users\/1"}],"replies":[{"embeddable":true,"href":"https:\/\/www.cabinetpothet.com\/de\/wp-json\/wp\/v2\/comments?post=7"}],"version-history":[{"count":5,"href":"https:\/\/www.cabinetpothet.com\/de\/wp-json\/wp\/v2\/pages\/7\/revisions"}],"predecessor-version":[{"id":3215,"href":"https:\/\/www.cabinetpothet.com\/de\/wp-json\/wp\/v2\/pages\/7\/revisions\/3215"}],"wp:attachment":[{"href":"https:\/\/www.cabinetpothet.com\/de\/wp-json\/wp\/v2\/media?parent=7"}],"curies":[{"name":"wp","href":"https:\/\/api.w.org\/{rel}","templated":true}]}}