{"id":3116,"date":"2023-12-12T10:07:00","date_gmt":"2023-12-12T09:07:00","guid":{"rendered":"https:\/\/www.cabinetpothet.com\/?page_id=3116"},"modified":"2026-04-06T20:10:12","modified_gmt":"2026-04-06T18:10:12","slug":"mentions-legales","status":"publish","type":"page","link":"https:\/\/www.cabinetpothet.com\/de\/mentions-legales\/","title":{"rendered":"Impressum"},"content":{"rendered":"<div data-elementor-type=\"wp-page\" data-elementor-id=\"3116\" class=\"elementor elementor-3116\" data-elementor-post-type=\"page\">\n\t\t\t\t\t\t<section class=\"elementor-section elementor-top-section elementor-element elementor-element-41ef670d elementor-section-boxed elementor-section-height-default elementor-section-height-default\" data-id=\"41ef670d\" data-element_type=\"section\" data-e-type=\"section\">\n\t\t\t\t\t\t<div class=\"elementor-container elementor-column-gap-default\">\n\t\t\t\t\t<div class=\"elementor-column elementor-col-100 elementor-top-column elementor-element elementor-element-7edd1be6\" data-id=\"7edd1be6\" data-element_type=\"column\" data-e-type=\"column\">\n\t\t\t<div class=\"elementor-widget-wrap elementor-element-populated\">\n\t\t\t\t\t\t<div class=\"elementor-element elementor-element-61e96d17 elementor-widget elementor-widget-text-editor\" data-id=\"61e96d17\" data-element_type=\"widget\" data-e-type=\"widget\" data-widget_type=\"text-editor.default\">\n\t\t\t\t<div class=\"elementor-widget-container\">\n\t\t\t\t\t\t\t\t\t<h2 class=\"western\">G\u00e9n\u00e9ralit\u00e9s<\/h2>\r\n<p class=\"western\">Vous trouverez les informations requises ci-dessous en application des dispositions de l\u2019article 6 III. 1. de la loi n\u00b0 2004-575 du 21 juin 2004 pour la confiance dans l\u2019\u00e9conomie num\u00e9rique :<\/p>\r\n<p class=\"western\">Nom du Site\u00a0:\u00a0CABINET POTHET (cabinetpothet.com, cabinetpothet.fr) &#8211; (le \u00ab\u00a0Site\u00a0\u00bb)<\/p>\r\n<p class=\"western\">Directeur de la publication\u00a0:\u00a0Alain David POTHET<\/p>\r\n<p class=\"western\">Forme juridique\u00a0:\u00a0SELAS<\/p>\r\n<p class=\"western\">Raison sociale\u00a0:\u00a0SELAS POTHET<\/p>\r\n<p class=\"western\">RCS\u00a0:\u00a0791\u00a0540\u00a0958 FREJUS<\/p>\r\n<p class=\"western\">Adresse\u00a0:\u00a0Traverse des Lices, SAINT-TROPEZ (83994)<\/p>\r\n<p class=\"western\">Email\u00a0:\u00a0<span style=\"color: #0563c1;\"><u><a href=\"mailto:secretariat@cabinetpothet.com\">secretariat@cabinetpothet.com<\/a><\/u><\/span><\/p>\r\n<p class=\"western\">T\u00e9l\u00e9phone\u00a0:\u00a004 94 19 22 22<\/p>\r\n<p class=\"western\">H\u00e9bergement\u00a0:\u00a0SAS OVH, capital social de 10\u00a0069\u00a0020 \u20ac RCS Lille M\u00e9tropole 424\u00a0761\u00a0419 00045<\/p>\r\n<p class=\"western\">Adresse\u00a0:\u00a02 rue Kellermann, ROUBAIX (59100)<\/p>\r\n<p class=\"western\">T\u00e9l\u00e9phone\u00a0: 08 99 70 17 61<\/p>\r\n<p class=\"western\">Le Site a \u00e9t\u00e9 soumis \u00e0 l\u2019Ordre des Avocats du Barreau de Draguignan, France.<\/p>\r\n<p class=\"western\">Le Site, et notamment les textes, articles, lettres d\u2019informations, communiqu\u00e9s, pr\u00e9sentations, brochures, illustrations, photographies, programmes informatiques, animations, sont la propri\u00e9t\u00e9 intellectuelle exclusive du CABINET POTHET.<\/p>\r\n<p class=\"western\">Les utilisateurs ne sont pas autoris\u00e9s \u00e0 cr\u00e9er un lien hypertexte vers le Site ou un fichier s\u2019y trouvant sans l\u2019accord pr\u00e9alable et expr\u00e8s du CABINET POTHET.<\/p>\r\n&nbsp;\r\n<h2 class=\"western\"><b>Mentions relatives au r\u00e8glement des litiges<\/b><\/h2>\r\n<p class=\"western\">Il est ici rappel\u00e9 que tout consommateur a le droit de recourir gratuitement \u00e0 un m\u00e9diateur de la consommation en vue de la r\u00e9solution amiable des litiges de nature contractuelle portant sur l\u2019ex\u00e9cution d\u2019un contrat de fourniture de service.<\/p>\r\n<p class=\"western\">En cas de d\u2019un litige malgr\u00e9 une r\u00e9clamation \u00e9crite amiable pr\u00e9alable directement adress\u00e9e au CABINET POTHET, vous pouvez saisir l\u2019un des m\u00e9diateurs de la consommation selon les modalit\u00e9s pratiques propres \u00e0 chacun d\u2019eux parmi les deux suivants :<\/p>\r\n\r\n<ol>\r\n \t<li>Le centre de m\u00e9diation du Barreau de DRAGUIGNAN, soit par internet depuis son site accessible \u00e0 l\u2019adresse <span style=\"color: #0563c1;\"><u><a href=\"http:\/\/www.avocazur.com\/\">www.avocazur.com<\/a><\/u><\/span>, soit par lettre simple adress\u00e9e au centre de m\u00e9diation inscrit sur une liste nationale \u00e9tablie par la commission d\u2019\u00e9valuation et de contr\u00f4le de la m\u00e9diation de la consommation\u00a0;<\/li>\r\n<\/ol>\r\n<ol start=\"2\">\r\n \t<li>Le m\u00e9diateur national pr\u00e8s du Conseil national des Barreaux soit par le site internet en remplissant le formulaire de saisine, soit par voie postale (M\u00e9diateur de la consommation de la profession d\u2019avocat, 180 boulevard Haussmann, 75008 PARIS), soit par courriel \u00e0 l\u2019adresse\u00a0<span style=\"color: #0563c1;\"><u><a href=\"mailto:mediateur-conso@mediateur-consommation-avocat.fr\"><span style=\"color: #940027;\"><span style=\"font-family: open_sansregular, serif;\"><span style=\"font-size: small;\">mediateur-conso@mediateur-consommation-avocat.fr<\/span><\/span><\/span><\/a><\/u><\/span>.<\/li>\r\n<\/ol>\r\n<p class=\"western\">Le m\u00e9diateur est : Carole PASCAREL, 180 Boulevard Haussman, 75008 PARIS<\/p>\r\n<p class=\"western\">Adresse mail : <span style=\"color: #0563c1;\"><u><a href=\"mailto:mediateur-conso@mediateur-consommation-avocat.fr\">mediateur-conso@mediateur-consommation-avocat.fr<\/a><\/u><\/span><\/p>\r\n<p class=\"western\">Site internet : <span style=\"color: #0563c1;\"><u><a href=\"https:\/\/mediateur-consommation-avocat.fr\/\">https:\/\/mediateur-consommation-avocat.fr<\/a><\/u><\/span><\/p>\r\n&nbsp;\r\n<h2 class=\"western\"><b>Politique de confidentialit\u00e9<\/b><\/h2>\r\n<p class=\"western\">En utilisant le Site, vous pouvez transmettre spontan\u00e9ment \u00e0 CABINET POTHET vos donn\u00e9es \u00e0 caract\u00e8re personnel lorsque vous utilisez l\u2019adresse email de contact. Les donn\u00e9es \u00e0 caract\u00e8re personnel pouvant \u00eatre trait\u00e9es sont les suivantes\u00a0: nom, pr\u00e9nom, adresse email et num\u00e9ro de t\u00e9l\u00e9phone.<\/p>\r\n<p class=\"western\">Les donn\u00e9es \u00e0 caract\u00e8re personnel collect\u00e9es \u00e0 partir du Site sont trait\u00e9es par CABINET POTHET en qualit\u00e9 de responsable du traitement. CABINET POTHET s&rsquo;engage \u00e0 traiter vos donn\u00e9es \u00e0 caract\u00e8re personnel dans le respect des lois et des r\u00e8glementation applicables, et notamment la Loi n\u00b0 78-17 du 6 janvier 1978 relative \u00e0 l&rsquo;informatique, aux fichiers et aux libert\u00e9s et le R\u00e8glement (UE) 2016\/679 du Parlement europ\u00e9en et du Conseil du 27 avril 2016 relatif \u00e0 la protection des personnes physiques \u00e0 l&rsquo;\u00e9gard du traitement des donn\u00e9es \u00e0 caract\u00e8re personnel et \u00e0 la libre circulation de ces donn\u00e9es.<\/p>\r\n<p class=\"western\">Les donn\u00e9es \u00e0 caract\u00e8re personnel sont collect\u00e9es et trait\u00e9es afin de r\u00e9pondre \u00e0 vos sollicitations et d\u2019obtenir des informations sur des \u00e9v\u00e8nements de CABINET POTHET. La base juridique des traitements est l\u2019int\u00e9r\u00eat l\u00e9gitime de CABINET POTHET.<\/p>\r\n<p class=\"western\">CABINET POTHET conserve vos donn\u00e9es \u00e0 caract\u00e8re personnel uniquement pour la dur\u00e9e n\u00e9cessaire aux traitements. Les donn\u00e9es \u00e0 caract\u00e8re personnel utilis\u00e9es \u00e0 des fins de communication sont conserv\u00e9es pendant cinq (5) ans \u00e0 compter de votre dernier contact avec CABINET POTHET. Toutefois, pour respecter ses obligations l\u00e9gales, les donn\u00e9es \u00e0 caract\u00e8re personnel peuvent \u00eatre conserv\u00e9es pour une plus longue dur\u00e9e.<\/p>\r\n<p class=\"western\">Les donn\u00e9es \u00e0 caract\u00e8re personnel collect\u00e9es sont r\u00e9serv\u00e9es \u00e0 l&rsquo;usage exclusif de CABINET POTHET, de ses soci\u00e9t\u00e9s affili\u00e9es et de ses partenaires et ne sont pas communiqu\u00e9es \u00e0 des tiers, \u00e0 l&rsquo;exception de ses sous-traitants et des destinataires cit\u00e9s supra.<\/p>\r\n<p class=\"western\">Conform\u00e9ment \u00e0 la l\u00e9gislation et \u00e0 la r\u00e9glementation applicable, vous disposez du droit d\u2019acc\u00e9der, de modifier, de s\u2019opposer au traitement et de demander la suppression de vos donn\u00e9es \u00e0 caract\u00e8re personnel et en obtenir la communication dans un format structur\u00e9 et lisible (sauf emp\u00eachement l\u00e9gitime). Vous disposez \u00e9galement du droit d\u2019introduire une r\u00e9clamation aupr\u00e8s d\u2019une autorit\u00e9 de contr\u00f4le et de d\u00e9finir des directives relatives \u00e0 votre testament num\u00e9rique.<\/p>\r\n<p class=\"western\">Vous b\u00e9n\u00e9ficiez d\u2019un droit d\u2019acc\u00e8s, de rectification ou d\u2019effacement de vos donn\u00e9es personnelles que vous pouvez demander par courriel ou courrier postal aux adresses renseign\u00e9es ci-apr\u00e8s. Vous b\u00e9n\u00e9ficiez du droit de demander une limitation du traitement de vos donn\u00e9es personnelles. Vous b\u00e9n\u00e9ficiez du droit de vous opposer au traitement de vos donn\u00e9es personnelles et du droit \u00e0 la portabilit\u00e9 de vos donn\u00e9es. Vous pouvez retirer votre consentement au traitement de vos donn\u00e9es personnelles, et ceci \u00e0 tout moment, en \u00e9crivant par courriel ou lettre postale aux adresses renseign\u00e9es ci-apr\u00e8s. Vous pouvez exercer vos droits en adressant un email \u00e0 l\u2019adresse secretariat@cabinetpothet.com ou en \u00e9crivant \u00e0\u00a0: CABINET POTHET &#8211; Traverse des Lices \u2013 SAINT-TROPEZ (83990)<\/p>\r\n<p class=\"western\">Vous pouvez introduire une r\u00e9clamation aupr\u00e8s de la CNIL (site de la CNIL : www.cnil.fr) si vous estimez que la protection de vos donn\u00e9es personnelles n\u2019a pas \u00e9t\u00e9 assur\u00e9e dans le cadre du traitement de votre dossier.<\/p>\r\n&nbsp;\r\n<h2 class=\"western\"><b>Politique de cookies<\/b><\/h2>\r\n<p class=\"western\">Un cookie est un fichier pouvant \u00eatre enregistr\u00e9 sur le disque dur du terminal des utilisateurs lors de la consultation du Site. Ces petits fichiers peuvent contenir notamment les pr\u00e9f\u00e9rences des utilisateurs.<\/p>\r\n<p class=\"western\">Le CABINET POTHET peut utiliser les cookies fonctionnels et de mesures d\u2019audience. Les cookies fonctionnels permettent \u00e0 l\u2019utilisateur une navigation optimale sur le Site. Ils sont souvent li\u00e9s aux m\u00e9canismes\u00a0d\u2019authentification,\u00a0de personnalisation\u00a0ou encore de conservation des choix des utilisateurs sur un site internet.<b>\u00a0<\/b>Les cookies de mesures d\u2019audience\u00a0permettent de r\u00e9colter des informations pr\u00e9cieuses relatives \u00e0 la fa\u00e7on dont les visiteurs utilisent le Site, et donc d\u2019\u00e9valuer la performance du Site. Ces informations nous aident \u00e0 apporter des am\u00e9liorations au Site.<\/p>\r\n<p class=\"western\">Les utilisateurs peuvent \u00e0 tout moment supprimer les cookies \u00e0 partir de leur logiciel de navigation et le configurer afin de s\u2019opposer \u00e0 leur enregistrement sur leur terminal. Le CABINET POTHET les invite \u00e0 se reporter au fichier d\u2019aide de leur logiciel de navigation pour \u00e9tablir la configuration appropri\u00e9e.<\/p>\t\t\t\t\t\t\t\t<\/div>\n\t\t\t\t<\/div>\n\t\t\t\t\t<\/div>\n\t\t<\/div>\n\t\t\t\t\t<\/div>\n\t\t<\/section>\n\t\t\t\t<\/div>","protected":false},"excerpt":{"rendered":"<p>G\u00e9n\u00e9ralit\u00e9s Vous trouverez les informations requises ci-dessous en application des dispositions de l\u2019article 6 III. 1. de la loi n\u00b0 2004-575 du 21 juin 2004 pour la confiance dans l\u2019\u00e9conomie num\u00e9rique : Nom du Site\u00a0:\u00a0CABINET POTHET (cabinetpothet.com, cabinetpothet.fr) &#8211; (le \u00ab\u00a0Site\u00a0\u00bb) Directeur de la publication\u00a0:\u00a0Alain David POTHET Forme juridique\u00a0:\u00a0SELAS Raison sociale\u00a0:\u00a0SELAS POTHET RCS\u00a0:\u00a0791\u00a0540\u00a0958 FREJUS Adresse\u00a0:\u00a0Traverse [&#8230;]<\/p>\n<p><a class=\"btn btn-secondary understrap-read-more-link\" href=\"https:\/\/www.cabinetpothet.com\/de\/mentions-legales\/\">Weiterlesen&#8230;<span class=\"screen-reader-text\"> from Mentions l\u00e9gales<\/span><\/a><\/p>","protected":false},"author":6,"featured_media":813,"parent":0,"menu_order":0,"comment_status":"closed","ping_status":"closed","template":"elementor_header_footer","meta":{"_acf_changed":false,"inline_featured_image":false,"footnotes":""},"class_list":["post-3116","page","type-page","status-publish","has-post-thumbnail","hentry"],"acf":[],"yoast_head":"<!-- This site is optimized with the Yoast SEO plugin v27.4 - https:\/\/yoast.com\/product\/yoast-seo-wordpress\/ -->\n<title>Mentions l\u00e9gales - Cabinet Pothet - General law firm in the Saint Tropez area<\/title>\n<meta name=\"robots\" content=\"index, follow, max-snippet:-1, max-image-preview:large, max-video-preview:-1\" \/>\n<link rel=\"canonical\" href=\"https:\/\/www.cabinetpothet.com\/de\/mentions-legales\/\" \/>\n<meta property=\"og:locale\" content=\"de_DE\" \/>\n<meta property=\"og:type\" content=\"article\" \/>\n<meta property=\"og:title\" content=\"Mentions l\u00e9gales - Cabinet Pothet - General law firm in the Saint Tropez area\" \/>\n<meta property=\"og:description\" content=\"G\u00e9n\u00e9ralit\u00e9s Vous trouverez les informations requises ci-dessous en application des dispositions de l\u2019article 6 III. 1. de la loi n\u00b0 2004-575 du 21 juin 2004 pour la confiance dans l\u2019\u00e9conomie num\u00e9rique : Nom du Site\u00a0:\u00a0CABINET POTHET (cabinetpothet.com, cabinetpothet.fr) &#8211; (le \u00ab\u00a0Site\u00a0\u00bb) Directeur de la publication\u00a0:\u00a0Alain David POTHET Forme juridique\u00a0:\u00a0SELAS Raison sociale\u00a0:\u00a0SELAS POTHET RCS\u00a0:\u00a0791\u00a0540\u00a0958 FREJUS Adresse\u00a0:\u00a0Traverse [...]Weiterlesen... from Mentions l\u00e9gales\" \/>\n<meta property=\"og:url\" content=\"https:\/\/www.cabinetpothet.com\/de\/mentions-legales\/\" \/>\n<meta property=\"og:site_name\" content=\"Cabinet Pothet\" \/>\n<meta property=\"article:modified_time\" content=\"2026-04-06T18:10:12+00:00\" \/>\n<meta property=\"og:image\" content=\"https:\/\/www.cabinetpothet.com\/app\/uploads\/2022\/11\/cabinet-pothet-avocat-saint-tropez-publications.jpg\" \/>\n\t<meta property=\"og:image:width\" content=\"2500\" \/>\n\t<meta property=\"og:image:height\" content=\"510\" \/>\n\t<meta property=\"og:image:type\" content=\"image\/jpeg\" \/>\n<meta name=\"twitter:card\" content=\"summary_large_image\" \/>\n<meta name=\"twitter:label1\" content=\"Est. reading time\" \/>\n\t<meta name=\"twitter:data1\" content=\"6 minutes\" \/>\n<script type=\"application\/ld+json\" class=\"yoast-schema-graph\">{\"@context\":\"https:\\\/\\\/schema.org\",\"@graph\":[{\"@type\":\"WebPage\",\"@id\":\"https:\\\/\\\/www.cabinetpothet.com\\\/mentions-legales\\\/\",\"url\":\"https:\\\/\\\/www.cabinetpothet.com\\\/mentions-legales\\\/\",\"name\":\"Mentions l\u00e9gales - Cabinet Pothet - General law firm in the Saint Tropez area\",\"isPartOf\":{\"@id\":\"https:\\\/\\\/www.cabinetpothet.com\\\/#website\"},\"primaryImageOfPage\":{\"@id\":\"https:\\\/\\\/www.cabinetpothet.com\\\/mentions-legales\\\/#primaryimage\"},\"image\":{\"@id\":\"https:\\\/\\\/www.cabinetpothet.com\\\/mentions-legales\\\/#primaryimage\"},\"thumbnailUrl\":\"https:\\\/\\\/www.cabinetpothet.com\\\/app\\\/uploads\\\/2022\\\/11\\\/cabinet-pothet-avocat-saint-tropez-publications.jpg\",\"datePublished\":\"2023-12-12T09:07:00+00:00\",\"dateModified\":\"2026-04-06T18:10:12+00:00\",\"breadcrumb\":{\"@id\":\"https:\\\/\\\/www.cabinetpothet.com\\\/mentions-legales\\\/#breadcrumb\"},\"inLanguage\":\"de-DE\",\"potentialAction\":[{\"@type\":\"ReadAction\",\"target\":[\"https:\\\/\\\/www.cabinetpothet.com\\\/mentions-legales\\\/\"]}]},{\"@type\":\"ImageObject\",\"inLanguage\":\"de-DE\",\"@id\":\"https:\\\/\\\/www.cabinetpothet.com\\\/mentions-legales\\\/#primaryimage\",\"url\":\"https:\\\/\\\/www.cabinetpothet.com\\\/app\\\/uploads\\\/2022\\\/11\\\/cabinet-pothet-avocat-saint-tropez-publications.jpg\",\"contentUrl\":\"https:\\\/\\\/www.cabinetpothet.com\\\/app\\\/uploads\\\/2022\\\/11\\\/cabinet-pothet-avocat-saint-tropez-publications.jpg\",\"width\":2500,\"height\":510},{\"@type\":\"BreadcrumbList\",\"@id\":\"https:\\\/\\\/www.cabinetpothet.com\\\/mentions-legales\\\/#breadcrumb\",\"itemListElement\":[{\"@type\":\"ListItem\",\"position\":1,\"name\":\"Accueil\",\"item\":\"https:\\\/\\\/www.cabinetpothet.com\\\/\"},{\"@type\":\"ListItem\",\"position\":2,\"name\":\"Mentions l\u00e9gales\"}]},{\"@type\":\"WebSite\",\"@id\":\"https:\\\/\\\/www.cabinetpothet.com\\\/#website\",\"url\":\"https:\\\/\\\/www.cabinetpothet.com\\\/\",\"name\":\"Cabinet Pothet\",\"description\":\"General law firm in the Saint Tropez area\",\"publisher\":{\"@id\":\"https:\\\/\\\/www.cabinetpothet.com\\\/#organization\"},\"potentialAction\":[{\"@type\":\"SearchAction\",\"target\":{\"@type\":\"EntryPoint\",\"urlTemplate\":\"https:\\\/\\\/www.cabinetpothet.com\\\/?s={search_term_string}\"},\"query-input\":{\"@type\":\"PropertyValueSpecification\",\"valueRequired\":true,\"valueName\":\"search_term_string\"}}],\"inLanguage\":\"de-DE\"},{\"@type\":\"Organization\",\"@id\":\"https:\\\/\\\/www.cabinetpothet.com\\\/#organization\",\"name\":\"Cabinet Pothet\",\"url\":\"https:\\\/\\\/www.cabinetpothet.com\\\/\",\"logo\":{\"@type\":\"ImageObject\",\"inLanguage\":\"de-DE\",\"@id\":\"https:\\\/\\\/www.cabinetpothet.com\\\/#\\\/schema\\\/logo\\\/image\\\/\",\"url\":\"https:\\\/\\\/www.cabinetpothet.com\\\/app\\\/uploads\\\/2022\\\/10\\\/Group-51.svg\",\"contentUrl\":\"https:\\\/\\\/www.cabinetpothet.com\\\/app\\\/uploads\\\/2022\\\/10\\\/Group-51.svg\",\"width\":68,\"height\":68,\"caption\":\"Cabinet Pothet\"},\"image\":{\"@id\":\"https:\\\/\\\/www.cabinetpothet.com\\\/#\\\/schema\\\/logo\\\/image\\\/\"}}]}<\/script>\n<!-- \/ Yoast SEO plugin. -->","yoast_head_json":{"title":"Mentions l\u00e9gales - Cabinet Pothet - General law firm in the Saint Tropez area","robots":{"index":"index","follow":"follow","max-snippet":"max-snippet:-1","max-image-preview":"max-image-preview:large","max-video-preview":"max-video-preview:-1"},"canonical":"https:\/\/www.cabinetpothet.com\/de\/mentions-legales\/","og_locale":"de_DE","og_type":"article","og_title":"Mentions l\u00e9gales - Cabinet Pothet - General law firm in the Saint Tropez area","og_description":"G\u00e9n\u00e9ralit\u00e9s Vous trouverez les informations requises ci-dessous en application des dispositions de l\u2019article 6 III. 1. de la loi n\u00b0 2004-575 du 21 juin 2004 pour la confiance dans l\u2019\u00e9conomie num\u00e9rique : Nom du Site\u00a0:\u00a0CABINET POTHET (cabinetpothet.com, cabinetpothet.fr) &#8211; (le \u00ab\u00a0Site\u00a0\u00bb) Directeur de la publication\u00a0:\u00a0Alain David POTHET Forme juridique\u00a0:\u00a0SELAS Raison sociale\u00a0:\u00a0SELAS POTHET RCS\u00a0:\u00a0791\u00a0540\u00a0958 FREJUS Adresse\u00a0:\u00a0Traverse [...]Weiterlesen... from Mentions l\u00e9gales","og_url":"https:\/\/www.cabinetpothet.com\/de\/mentions-legales\/","og_site_name":"Cabinet Pothet","article_modified_time":"2026-04-06T18:10:12+00:00","og_image":[{"width":2500,"height":510,"url":"https:\/\/www.cabinetpothet.com\/app\/uploads\/2022\/11\/cabinet-pothet-avocat-saint-tropez-publications.jpg","type":"image\/jpeg"}],"twitter_card":"summary_large_image","twitter_misc":{"Est. reading time":"6 minutes"},"schema":{"@context":"https:\/\/schema.org","@graph":[{"@type":"WebPage","@id":"https:\/\/www.cabinetpothet.com\/mentions-legales\/","url":"https:\/\/www.cabinetpothet.com\/mentions-legales\/","name":"Mentions l\u00e9gales - Cabinet Pothet - General law firm in the Saint Tropez area","isPartOf":{"@id":"https:\/\/www.cabinetpothet.com\/#website"},"primaryImageOfPage":{"@id":"https:\/\/www.cabinetpothet.com\/mentions-legales\/#primaryimage"},"image":{"@id":"https:\/\/www.cabinetpothet.com\/mentions-legales\/#primaryimage"},"thumbnailUrl":"https:\/\/www.cabinetpothet.com\/app\/uploads\/2022\/11\/cabinet-pothet-avocat-saint-tropez-publications.jpg","datePublished":"2023-12-12T09:07:00+00:00","dateModified":"2026-04-06T18:10:12+00:00","breadcrumb":{"@id":"https:\/\/www.cabinetpothet.com\/mentions-legales\/#breadcrumb"},"inLanguage":"de-DE","potentialAction":[{"@type":"ReadAction","target":["https:\/\/www.cabinetpothet.com\/mentions-legales\/"]}]},{"@type":"ImageObject","inLanguage":"de-DE","@id":"https:\/\/www.cabinetpothet.com\/mentions-legales\/#primaryimage","url":"https:\/\/www.cabinetpothet.com\/app\/uploads\/2022\/11\/cabinet-pothet-avocat-saint-tropez-publications.jpg","contentUrl":"https:\/\/www.cabinetpothet.com\/app\/uploads\/2022\/11\/cabinet-pothet-avocat-saint-tropez-publications.jpg","width":2500,"height":510},{"@type":"BreadcrumbList","@id":"https:\/\/www.cabinetpothet.com\/mentions-legales\/#breadcrumb","itemListElement":[{"@type":"ListItem","position":1,"name":"Accueil","item":"https:\/\/www.cabinetpothet.com\/"},{"@type":"ListItem","position":2,"name":"Mentions l\u00e9gales"}]},{"@type":"WebSite","@id":"https:\/\/www.cabinetpothet.com\/#website","url":"https:\/\/www.cabinetpothet.com\/","name":"Kabinett Pothet","description":"Allgemeine Anwaltskanzlei im Raum Saint-Tropez","publisher":{"@id":"https:\/\/www.cabinetpothet.com\/#organization"},"potentialAction":[{"@type":"SearchAction","target":{"@type":"EntryPoint","urlTemplate":"https:\/\/www.cabinetpothet.com\/?s={search_term_string}"},"query-input":{"@type":"PropertyValueSpecification","valueRequired":true,"valueName":"search_term_string"}}],"inLanguage":"de-DE"},{"@type":"Organization","@id":"https:\/\/www.cabinetpothet.com\/#organization","name":"Kabinett Pothet","url":"https:\/\/www.cabinetpothet.com\/","logo":{"@type":"ImageObject","inLanguage":"de-DE","@id":"https:\/\/www.cabinetpothet.com\/#\/schema\/logo\/image\/","url":"https:\/\/www.cabinetpothet.com\/app\/uploads\/2022\/10\/Group-51.svg","contentUrl":"https:\/\/www.cabinetpothet.com\/app\/uploads\/2022\/10\/Group-51.svg","width":68,"height":68,"caption":"Cabinet Pothet"},"image":{"@id":"https:\/\/www.cabinetpothet.com\/#\/schema\/logo\/image\/"}}]}},"_links":{"self":[{"href":"https:\/\/www.cabinetpothet.com\/de\/wp-json\/wp\/v2\/pages\/3116","targetHints":{"allow":["GET"]}}],"collection":[{"href":"https:\/\/www.cabinetpothet.com\/de\/wp-json\/wp\/v2\/pages"}],"about":[{"href":"https:\/\/www.cabinetpothet.com\/de\/wp-json\/wp\/v2\/types\/page"}],"author":[{"embeddable":true,"href":"https:\/\/www.cabinetpothet.com\/de\/wp-json\/wp\/v2\/users\/6"}],"replies":[{"embeddable":true,"href":"https:\/\/www.cabinetpothet.com\/de\/wp-json\/wp\/v2\/comments?post=3116"}],"version-history":[{"count":4,"href":"https:\/\/www.cabinetpothet.com\/de\/wp-json\/wp\/v2\/pages\/3116\/revisions"}],"predecessor-version":[{"id":3121,"href":"https:\/\/www.cabinetpothet.com\/de\/wp-json\/wp\/v2\/pages\/3116\/revisions\/3121"}],"wp:featuredmedia":[{"embeddable":true,"href":"https:\/\/www.cabinetpothet.com\/de\/wp-json\/wp\/v2\/media\/813"}],"wp:attachment":[{"href":"https:\/\/www.cabinetpothet.com\/de\/wp-json\/wp\/v2\/media?parent=3116"}],"curies":[{"name":"wp","href":"https:\/\/api.w.org\/{rel}","templated":true}]}}