{"id":2943,"date":"2023-12-09T17:56:35","date_gmt":"2023-12-09T16:56:35","guid":{"rendered":"https:\/\/www.cabinetpothet.com\/?page_id=2943"},"modified":"2026-04-06T20:10:13","modified_gmt":"2026-04-06T18:10:13","slug":"publications","status":"publish","type":"page","link":"https:\/\/www.cabinetpothet.com\/de\/publikationen\/","title":{"rendered":"Ver\u00f6ffentlichungen"},"content":{"rendered":"<div data-elementor-type=\"wp-page\" data-elementor-id=\"2943\" class=\"elementor elementor-2943\" data-elementor-post-type=\"page\">\n\t\t\t\t\t\t<section class=\"elementor-section elementor-top-section elementor-element elementor-element-28def0d elementor-section-boxed elementor-section-height-default elementor-section-height-default\" data-id=\"28def0d\" data-element_type=\"section\" data-e-type=\"section\">\n\t\t\t\t\t\t<div class=\"elementor-container elementor-column-gap-default\">\n\t\t\t\t\t<div class=\"elementor-column elementor-col-100 elementor-top-column elementor-element elementor-element-65203bc\" data-id=\"65203bc\" data-element_type=\"column\" data-e-type=\"column\">\n\t\t\t<div class=\"elementor-widget-wrap elementor-element-populated\">\n\t\t\t\t\t\t<div class=\"elementor-element elementor-element-cd14854 elementor-grid-2 elementor-grid-tablet-2 elementor-grid-mobile-1 elementor-posts--thumbnail-top elementor-card-shadow-yes elementor-posts__hover-gradient elementor-widget elementor-widget-posts\" data-id=\"cd14854\" data-element_type=\"widget\" data-e-type=\"widget\" data-settings=\"{&quot;cards_columns&quot;:&quot;2&quot;,&quot;cards_masonry&quot;:&quot;yes&quot;,&quot;pagination_type&quot;:&quot;numbers&quot;,&quot;cards_columns_tablet&quot;:&quot;2&quot;,&quot;cards_columns_mobile&quot;:&quot;1&quot;,&quot;cards_row_gap&quot;:{&quot;unit&quot;:&quot;px&quot;,&quot;size&quot;:35,&quot;sizes&quot;:[]},&quot;cards_row_gap_tablet&quot;:{&quot;unit&quot;:&quot;px&quot;,&quot;size&quot;:&quot;&quot;,&quot;sizes&quot;:[]},&quot;cards_row_gap_mobile&quot;:{&quot;unit&quot;:&quot;px&quot;,&quot;size&quot;:&quot;&quot;,&quot;sizes&quot;:[]}}\" data-widget_type=\"posts.cards\">\n\t\t\t\t<div class=\"elementor-widget-container\">\n\t\t\t\t\t\t\t<div class=\"elementor-posts-container elementor-posts elementor-posts--skin-cards elementor-grid\" role=\"list\">\n\t\t\t\t<article class=\"elementor-post elementor-grid-item post-3854 post type-post status-publish format-standard hentry category-actualite\" role=\"listitem\">\n\t\t\t<div class=\"elementor-post__card\">\n\t\t\t\t<div class=\"elementor-post__text\">\n\t\t\t\t<h3 class=\"elementor-post__title\">\n\t\t\t<a href=\"https:\/\/www.cabinetpothet.com\/de\/wohnungseigentum-und-touristische-vermietungen-der-verfassungsrat-billigt-das-verbot-mit-zweidrittelmehrheit\/\" >\n\t\t\t\tWohnungseigentum und touristische Vermietungen: Der Verfassungsrat best\u00e4tigt das Verbot mit Zweidrittelmehrheit\t\t\t<\/a>\n\t\t<\/h3>\n\t\t\t\t<div class=\"elementor-post__excerpt\">\n\t\t\t<p>Die Miteigent\u00fcmergemeinschaften verf\u00fcgen nun \u00fcber ein verst\u00e4rktes Instrument, um die Kurzzeitvermietung nach Art von Airbnb in ihren Geb\u00e4uden zu regeln: durch eine Entscheidung Nr. [\u2026]<\/p>\n<p><a class=\"btn btn-secondary understrap-read-more-link\" href=\"https:\/\/www.cabinetpothet.com\/de\/wohnungseigentum-und-touristische-vermietungen-der-verfassungsrat-billigt-das-verbot-mit-zweidrittelmehrheit\/\">Weiterlesen&#8230;<span class=\"screen-reader-text\"> from Copropri\u00e9t\u00e9 et locations touristiques : le Conseil constitutionnel valide l&rsquo;interdiction \u00e0 la majorit\u00e9 des deux tiers<\/span><\/a><\/p>\n\t\t<\/div>\n\t\t\t\t<\/div>\n\t\t\t\t<div class=\"elementor-post__meta-data\">\n\t\t\t\t\t<span class=\"elementor-post-date\">\n\t\t\t13. April 2026\t\t<\/span>\n\t\t\t\t<span class=\"elementor-post-avatar\">\n\t\t\tNo Comments\t\t<\/span>\n\t\t\t\t<\/div>\n\t\t\t\t\t<\/div>\n\t\t<\/article>\n\t\t\t\t<article class=\"elementor-post elementor-grid-item post-3852 post type-post status-publish format-standard hentry category-non-classifiee\" role=\"listitem\">\n\t\t\t<div class=\"elementor-post__card\">\n\t\t\t\t<div class=\"elementor-post__text\">\n\t\t\t\t<h3 class=\"elementor-post__title\">\n\t\t\t<a href=\"https:\/\/www.cabinetpothet.com\/de\/mehrjahres-arbeitsplan-eine-nunmehr-unverzichtbare-verpflichtung-fur-alle-gemeinschaften-des-wohnungseigentums\/\" >\n\t\t\t\tMehrjahres-Arbeitsplan: Eine nunmehr unverzichtbare Verpflichtung f\u00fcr alle Wohnungseigent\u00fcmergemeinschaften\t\t\t<\/a>\n\t\t<\/h3>\n\t\t\t\t<div class=\"elementor-post__excerpt\">\n\t\t\t<p>Seit Beginn des Jahres 2026 entgeht keine Wohnungseigent\u00fcmergemeinschaft mehr der Verpflichtung, einen Mehrjahres-Arbeitsplan zu erstellen. Diese Frist, die von Fachleuten lange erwartet wurde [\u2026]<\/p>\n<p><a class=\"btn btn-secondary understrap-read-more-link\" href=\"https:\/\/www.cabinetpothet.com\/de\/mehrjahres-arbeitsplan-eine-nunmehr-unverzichtbare-verpflichtung-fur-alle-gemeinschaften-des-wohnungseigentums\/\">Weiterlesen&#8230;<span class=\"screen-reader-text\"> vom Mehrjahresarbeitsplan: eine nun unverzichtbare Verpflichtung f\u00fcr alle Miteigent\u00fcmergemeinschaften<\/span><\/a><\/p>\n\t\t<\/div>\n\t\t\t\t<\/div>\n\t\t\t\t<div class=\"elementor-post__meta-data\">\n\t\t\t\t\t<span class=\"elementor-post-date\">\n\t\t\t7. April 2026\t\t<\/span>\n\t\t\t\t<span class=\"elementor-post-avatar\">\n\t\t\tNo Comments\t\t<\/span>\n\t\t\t\t<\/div>\n\t\t\t\t\t<\/div>\n\t\t<\/article>\n\t\t\t\t<article class=\"elementor-post elementor-grid-item post-3845 post type-post status-publish format-standard hentry category-actualite\" role=\"listitem\">\n\t\t\t<div class=\"elementor-post__card\">\n\t\t\t\t<div class=\"elementor-post__text\">\n\t\t\t\t<h3 class=\"elementor-post__title\">\n\t\t\t<a href=\"https:\/\/www.cabinetpothet.com\/de\/airbnb-und-illegitime-untervermietung-das-kassationsgericht-macht-die-plattform-haftbar\/\" >\n\t\t\t\tAirbnb und illegale Untervermietung: Das Kassationsgericht macht die Plattform haftbar\t\t\t<\/a>\n\t\t<\/h3>\n\t\t\t\t<div class=\"elementor-post__excerpt\">\n\t\t\t<p>Mit zwei Urteilen vom 7. Januar 2026 erkennt der Oberste Gerichtshof die Haftung von Airbnb bei illegaler Untervermietung an und verweigert der Plattform den Status eines passiven Beherbergungsunternehmens. Welche Folgen hat dies f\u00fcr Vermieter und Wohnungseigent\u00fcmer? [\u2026]<\/p>\n<p><a class=\"btn btn-secondary understrap-read-more-link\" href=\"https:\/\/www.cabinetpothet.com\/de\/airbnb-und-illegitime-untervermietung-das-kassationsgericht-macht-die-plattform-haftbar\/\">Weiterlesen&#8230;<span class=\"screen-reader-text\"> von Airbnb und illegaler Untervermietung: Das Kassationsgericht macht die Plattform haftbar<\/span><\/a><\/p>\n\t\t<\/div>\n\t\t\t\t<\/div>\n\t\t\t\t<div class=\"elementor-post__meta-data\">\n\t\t\t\t\t<span class=\"elementor-post-date\">\n\t\t\t6. April 2026\t\t<\/span>\n\t\t\t\t<span class=\"elementor-post-avatar\">\n\t\t\tNo Comments\t\t<\/span>\n\t\t\t\t<\/div>\n\t\t\t\t\t<\/div>\n\t\t<\/article>\n\t\t\t\t<article class=\"elementor-post elementor-grid-item post-3837 post type-post status-publish format-standard hentry category-non-classifiee\" role=\"listitem\">\n\t\t\t<div class=\"elementor-post__card\">\n\t\t\t\t<div class=\"elementor-post__text\">\n\t\t\t\t<h3 class=\"elementor-post__title\">\n\t\t\t<a href=\"https:\/\/www.cabinetpothet.com\/de\/die-vom-vermieter-beantragte-gerichtliche-sachverstandigenprufung-des-gewerbemietvertrags-unterbricht-nicht-die-verjahrung-des-raumungsanspruchs-zugunsten-des-mieters\/\" >\n\t\t\t\tGewerbemietvertrag: Das vom Vermieter beantragte gerichtliche Sachverst\u00e4ndigengutachten hemmt die Verj\u00e4hrung des Entsch\u00e4digungsanspruchs des Mieters nicht.\t\t\t<\/a>\n\t\t<\/h3>\n\t\t\t\t<div class=\"elementor-post__excerpt\">\n\t\t\t<p>Im Hinblick auf Gewerbemietvertr\u00e4ge ist die Klage des Mieters, entweder zur Anfechtung einer K\u00fcndigung oder zur Erlangung einer Entsch\u00e4digung f\u00fcr die R\u00e4umung, beschr\u00e4nkt auf [\u2026]<\/p>\n<p><a class=\"btn btn-secondary understrap-read-more-link\" href=\"https:\/\/www.cabinetpothet.com\/de\/die-vom-vermieter-beantragte-gerichtliche-sachverstandigenprufung-des-gewerbemietvertrags-unterbricht-nicht-die-verjahrung-des-raumungsanspruchs-zugunsten-des-mieters\/\">Weiterlesen&#8230;<span class=\"screen-reader-text\"> Gewerbemietvertrag: Die vom Vermieter beantragte gerichtliche Begutachtung setzt die Verj\u00e4hrung einer Entsch\u00e4digungszahlung zugunsten des Mieters nicht aus<\/span><\/a><\/p>\n\t\t<\/div>\n\t\t\t\t<\/div>\n\t\t\t\t<div class=\"elementor-post__meta-data\">\n\t\t\t\t\t<span class=\"elementor-post-date\">\n\t\t\t13. M\u00e4rz 2026\t\t<\/span>\n\t\t\t\t<span class=\"elementor-post-avatar\">\n\t\t\tNo Comments\t\t<\/span>\n\t\t\t\t<\/div>\n\t\t\t\t\t<\/div>\n\t\t<\/article>\n\t\t\t\t<\/div>\n\t\t\n\t\t\t\t<div class=\"e-load-more-anchor\" data-page=\"1\" data-max-page=\"4\" data-next-page=\"https:\/\/www.cabinetpothet.com\/de\/wp-json\/wp\/v2\/pages\/2943\/page\/2\/\"><\/div>\n\t\t\t\t<nav class=\"elementor-pagination\" aria-label=\"Pagination\">\n\t\t\t<span aria-current=\"page\" class=\"page-numbers current\"><span class=\"elementor-screen-only\">Page<\/span>1<\/span>\n<a class=\"page-numbers\" href=\"https:\/\/www.cabinetpothet.com\/de\/wp-json\/wp\/v2\/pages\/2943\/page\/2\/\"><span class=\"elementor-screen-only\">Page<\/span>2<\/a>\n<a class=\"page-numbers\" href=\"https:\/\/www.cabinetpothet.com\/de\/wp-json\/wp\/v2\/pages\/2943\/page\/3\/\"><span class=\"elementor-screen-only\">Page<\/span>3<\/a>\n<a class=\"page-numbers\" href=\"https:\/\/www.cabinetpothet.com\/de\/wp-json\/wp\/v2\/pages\/2943\/page\/4\/\"><span class=\"elementor-screen-only\">Page<\/span>4<\/a>\t\t<\/nav>\n\t\t\t\t\t\t<\/div>\n\t\t\t\t<\/div>\n\t\t\t\t\t<\/div>\n\t\t<\/div>\n\t\t\t\t\t<\/div>\n\t\t<\/section>\n\t\t\t\t<\/div>","protected":false},"excerpt":{"rendered":"<p> [&#8230;]<\/p>\n<p><a class=\"btn btn-secondary understrap-read-more-link\" href=\"https:\/\/www.cabinetpothet.com\/de\/die-vom-vermieter-beantragte-gerichtliche-sachverstandigenprufung-des-gewerbemietvertrags-unterbricht-nicht-die-verjahrung-des-raumungsanspruchs-zugunsten-des-mieters\/\">Weiterlesen&#8230;<span class=\"screen-reader-text\"> Gewerbemietvertrag: Die vom Vermieter beantragte gerichtliche Begutachtung setzt die Verj\u00e4hrung einer Entsch\u00e4digungszahlung zugunsten des Mieters nicht aus<\/span><\/a><\/p>","protected":false},"author":6,"featured_media":3188,"parent":0,"menu_order":0,"comment_status":"closed","ping_status":"closed","template":"elementor_header_footer","meta":{"_acf_changed":false,"inline_featured_image":false,"footnotes":""},"class_list":["post-2943","page","type-page","status-publish","has-post-thumbnail","hentry"],"acf":[],"yoast_head":"<!-- This site is optimized with the Yoast SEO plugin v27.4 - https:\/\/yoast.com\/product\/yoast-seo-wordpress\/ -->\n<title>Publications - Cabinet Pothet - General law firm in the Saint Tropez area<\/title>\n<meta name=\"robots\" content=\"index, follow, max-snippet:-1, max-image-preview:large, max-video-preview:-1\" \/>\n<link rel=\"canonical\" href=\"https:\/\/www.cabinetpothet.com\/de\/publikationen\/\" \/>\n<meta property=\"og:locale\" content=\"de_DE\" \/>\n<meta property=\"og:type\" content=\"article\" \/>\n<meta property=\"og:title\" content=\"Publications - Cabinet Pothet - General law firm in the Saint Tropez area\" \/>\n<meta property=\"og:description\" content=\"[...]Weiterlesen... from Bail commercial : l\u2019expertise judiciaire demand\u00e9e par le bailleur ne suspend pas la prescription de l\u2019indemnit\u00e9 d\u2019\u00e9viction au profit du locataire\" \/>\n<meta property=\"og:url\" content=\"https:\/\/www.cabinetpothet.com\/de\/publikationen\/\" \/>\n<meta property=\"og:site_name\" content=\"Cabinet Pothet\" \/>\n<meta property=\"article:modified_time\" content=\"2026-04-06T18:10:13+00:00\" \/>\n<meta property=\"og:image\" content=\"https:\/\/www.cabinetpothet.com\/app\/uploads\/2023\/12\/DSCF9170.jpg\" \/>\n\t<meta property=\"og:image:width\" content=\"2500\" \/>\n\t<meta property=\"og:image:height\" content=\"510\" \/>\n\t<meta property=\"og:image:type\" content=\"image\/jpeg\" \/>\n<meta name=\"twitter:card\" content=\"summary_large_image\" \/>\n<meta name=\"twitter:label1\" content=\"Est. reading time\" \/>\n\t<meta name=\"twitter:data1\" content=\"3 minutes\" \/>\n<script type=\"application\/ld+json\" class=\"yoast-schema-graph\">{\"@context\":\"https:\\\/\\\/schema.org\",\"@graph\":[{\"@type\":\"WebPage\",\"@id\":\"https:\\\/\\\/www.cabinetpothet.com\\\/publications\\\/\",\"url\":\"https:\\\/\\\/www.cabinetpothet.com\\\/publications\\\/\",\"name\":\"Publications - Cabinet Pothet - General law firm in the Saint Tropez area\",\"isPartOf\":{\"@id\":\"https:\\\/\\\/www.cabinetpothet.com\\\/#website\"},\"primaryImageOfPage\":{\"@id\":\"https:\\\/\\\/www.cabinetpothet.com\\\/publications\\\/#primaryimage\"},\"image\":{\"@id\":\"https:\\\/\\\/www.cabinetpothet.com\\\/publications\\\/#primaryimage\"},\"thumbnailUrl\":\"https:\\\/\\\/www.cabinetpothet.com\\\/app\\\/uploads\\\/2023\\\/12\\\/DSCF9170.jpg\",\"datePublished\":\"2023-12-09T16:56:35+00:00\",\"dateModified\":\"2026-04-06T18:10:13+00:00\",\"breadcrumb\":{\"@id\":\"https:\\\/\\\/www.cabinetpothet.com\\\/publications\\\/#breadcrumb\"},\"inLanguage\":\"de-DE\",\"potentialAction\":[{\"@type\":\"ReadAction\",\"target\":[\"https:\\\/\\\/www.cabinetpothet.com\\\/publications\\\/\"]}]},{\"@type\":\"ImageObject\",\"inLanguage\":\"de-DE\",\"@id\":\"https:\\\/\\\/www.cabinetpothet.com\\\/publications\\\/#primaryimage\",\"url\":\"https:\\\/\\\/www.cabinetpothet.com\\\/app\\\/uploads\\\/2023\\\/12\\\/DSCF9170.jpg\",\"contentUrl\":\"https:\\\/\\\/www.cabinetpothet.com\\\/app\\\/uploads\\\/2023\\\/12\\\/DSCF9170.jpg\",\"width\":2500,\"height\":510},{\"@type\":\"BreadcrumbList\",\"@id\":\"https:\\\/\\\/www.cabinetpothet.com\\\/publications\\\/#breadcrumb\",\"itemListElement\":[{\"@type\":\"ListItem\",\"position\":1,\"name\":\"Accueil\",\"item\":\"https:\\\/\\\/www.cabinetpothet.com\\\/\"},{\"@type\":\"ListItem\",\"position\":2,\"name\":\"Publications\"}]},{\"@type\":\"WebSite\",\"@id\":\"https:\\\/\\\/www.cabinetpothet.com\\\/#website\",\"url\":\"https:\\\/\\\/www.cabinetpothet.com\\\/\",\"name\":\"Cabinet Pothet\",\"description\":\"General law firm in the Saint Tropez area\",\"publisher\":{\"@id\":\"https:\\\/\\\/www.cabinetpothet.com\\\/#organization\"},\"potentialAction\":[{\"@type\":\"SearchAction\",\"target\":{\"@type\":\"EntryPoint\",\"urlTemplate\":\"https:\\\/\\\/www.cabinetpothet.com\\\/?s={search_term_string}\"},\"query-input\":{\"@type\":\"PropertyValueSpecification\",\"valueRequired\":true,\"valueName\":\"search_term_string\"}}],\"inLanguage\":\"de-DE\"},{\"@type\":\"Organization\",\"@id\":\"https:\\\/\\\/www.cabinetpothet.com\\\/#organization\",\"name\":\"Cabinet Pothet\",\"url\":\"https:\\\/\\\/www.cabinetpothet.com\\\/\",\"logo\":{\"@type\":\"ImageObject\",\"inLanguage\":\"de-DE\",\"@id\":\"https:\\\/\\\/www.cabinetpothet.com\\\/#\\\/schema\\\/logo\\\/image\\\/\",\"url\":\"https:\\\/\\\/www.cabinetpothet.com\\\/app\\\/uploads\\\/2022\\\/10\\\/Group-51.svg\",\"contentUrl\":\"https:\\\/\\\/www.cabinetpothet.com\\\/app\\\/uploads\\\/2022\\\/10\\\/Group-51.svg\",\"width\":68,\"height\":68,\"caption\":\"Cabinet Pothet\"},\"image\":{\"@id\":\"https:\\\/\\\/www.cabinetpothet.com\\\/#\\\/schema\\\/logo\\\/image\\\/\"}}]}<\/script>\n<!-- \/ Yoast SEO plugin. -->","yoast_head_json":{"title":"Publikationen - Cabinet Pothet - Allgemeine Anwaltskanzlei im Raum Saint Tropez","robots":{"index":"index","follow":"follow","max-snippet":"max-snippet:-1","max-image-preview":"max-image-preview:large","max-video-preview":"max-video-preview:-1"},"canonical":"https:\/\/www.cabinetpothet.com\/de\/publikationen\/","og_locale":"de_DE","og_type":"article","og_title":"Publications - Cabinet Pothet - General law firm in the Saint Tropez area","og_description":"[...]Weiterlesen... from Bail commercial : l\u2019expertise judiciaire demand\u00e9e par le bailleur ne suspend pas la prescription de l\u2019indemnit\u00e9 d\u2019\u00e9viction au profit du locataire","og_url":"https:\/\/www.cabinetpothet.com\/de\/publikationen\/","og_site_name":"Cabinet Pothet","article_modified_time":"2026-04-06T18:10:13+00:00","og_image":[{"width":2500,"height":510,"url":"https:\/\/www.cabinetpothet.com\/app\/uploads\/2023\/12\/DSCF9170.jpg","type":"image\/jpeg"}],"twitter_card":"summary_large_image","twitter_misc":{"Est. reading time":"3 minutes"},"schema":{"@context":"https:\/\/schema.org","@graph":[{"@type":"WebPage","@id":"https:\/\/www.cabinetpothet.com\/publications\/","url":"https:\/\/www.cabinetpothet.com\/publications\/","name":"Publikationen - Cabinet Pothet - Allgemeine Anwaltskanzlei im Raum Saint Tropez","isPartOf":{"@id":"https:\/\/www.cabinetpothet.com\/#website"},"primaryImageOfPage":{"@id":"https:\/\/www.cabinetpothet.com\/publications\/#primaryimage"},"image":{"@id":"https:\/\/www.cabinetpothet.com\/publications\/#primaryimage"},"thumbnailUrl":"https:\/\/www.cabinetpothet.com\/app\/uploads\/2023\/12\/DSCF9170.jpg","datePublished":"2023-12-09T16:56:35+00:00","dateModified":"2026-04-06T18:10:13+00:00","breadcrumb":{"@id":"https:\/\/www.cabinetpothet.com\/publications\/#breadcrumb"},"inLanguage":"de-DE","potentialAction":[{"@type":"ReadAction","target":["https:\/\/www.cabinetpothet.com\/publications\/"]}]},{"@type":"ImageObject","inLanguage":"de-DE","@id":"https:\/\/www.cabinetpothet.com\/publications\/#primaryimage","url":"https:\/\/www.cabinetpothet.com\/app\/uploads\/2023\/12\/DSCF9170.jpg","contentUrl":"https:\/\/www.cabinetpothet.com\/app\/uploads\/2023\/12\/DSCF9170.jpg","width":2500,"height":510},{"@type":"BreadcrumbList","@id":"https:\/\/www.cabinetpothet.com\/publications\/#breadcrumb","itemListElement":[{"@type":"ListItem","position":1,"name":"Accueil","item":"https:\/\/www.cabinetpothet.com\/"},{"@type":"ListItem","position":2,"name":"Publications"}]},{"@type":"WebSite","@id":"https:\/\/www.cabinetpothet.com\/#website","url":"https:\/\/www.cabinetpothet.com\/","name":"Kabinett Pothet","description":"Allgemeine Anwaltskanzlei im Raum Saint-Tropez","publisher":{"@id":"https:\/\/www.cabinetpothet.com\/#organization"},"potentialAction":[{"@type":"SearchAction","target":{"@type":"EntryPoint","urlTemplate":"https:\/\/www.cabinetpothet.com\/?s={search_term_string}"},"query-input":{"@type":"PropertyValueSpecification","valueRequired":true,"valueName":"search_term_string"}}],"inLanguage":"de-DE"},{"@type":"Organization","@id":"https:\/\/www.cabinetpothet.com\/#organization","name":"Kabinett Pothet","url":"https:\/\/www.cabinetpothet.com\/","logo":{"@type":"ImageObject","inLanguage":"de-DE","@id":"https:\/\/www.cabinetpothet.com\/#\/schema\/logo\/image\/","url":"https:\/\/www.cabinetpothet.com\/app\/uploads\/2022\/10\/Group-51.svg","contentUrl":"https:\/\/www.cabinetpothet.com\/app\/uploads\/2022\/10\/Group-51.svg","width":68,"height":68,"caption":"Cabinet Pothet"},"image":{"@id":"https:\/\/www.cabinetpothet.com\/#\/schema\/logo\/image\/"}}]}},"_links":{"self":[{"href":"https:\/\/www.cabinetpothet.com\/de\/wp-json\/wp\/v2\/pages\/2943","targetHints":{"allow":["GET"]}}],"collection":[{"href":"https:\/\/www.cabinetpothet.com\/de\/wp-json\/wp\/v2\/pages"}],"about":[{"href":"https:\/\/www.cabinetpothet.com\/de\/wp-json\/wp\/v2\/types\/page"}],"author":[{"embeddable":true,"href":"https:\/\/www.cabinetpothet.com\/de\/wp-json\/wp\/v2\/users\/6"}],"replies":[{"embeddable":true,"href":"https:\/\/www.cabinetpothet.com\/de\/wp-json\/wp\/v2\/comments?post=2943"}],"version-history":[{"count":5,"href":"https:\/\/www.cabinetpothet.com\/de\/wp-json\/wp\/v2\/pages\/2943\/revisions"}],"predecessor-version":[{"id":3197,"href":"https:\/\/www.cabinetpothet.com\/de\/wp-json\/wp\/v2\/pages\/2943\/revisions\/3197"}],"wp:featuredmedia":[{"embeddable":true,"href":"https:\/\/www.cabinetpothet.com\/de\/wp-json\/wp\/v2\/media\/3188"}],"wp:attachment":[{"href":"https:\/\/www.cabinetpothet.com\/de\/wp-json\/wp\/v2\/media?parent=2943"}],"curies":[{"name":"wp","href":"https:\/\/api.w.org\/{rel}","templated":true}]}}