{"id":145,"date":"2022-10-29T10:49:21","date_gmt":"2022-10-29T08:49:21","guid":{"rendered":"https:\/\/www.cabinetpothet.com\/?page_id=145"},"modified":"2023-09-09T15:45:55","modified_gmt":"2023-09-09T13:45:55","slug":"les-honoraires","status":"publish","type":"page","link":"https:\/\/www.cabinetpothet.com\/de\/die-gebuhren\/","title":{"rendered":"Die Geb\u00fchren"},"content":{"rendered":"<div data-elementor-type=\"wp-page\" data-elementor-id=\"145\" class=\"elementor elementor-145\" data-elementor-post-type=\"page\">\n\t\t\t\t\t\t<section class=\"elementor-section elementor-top-section elementor-element elementor-element-02abf77 elementor-section-boxed elementor-section-height-default elementor-section-height-default\" data-id=\"02abf77\" data-element_type=\"section\" data-e-type=\"section\">\n\t\t\t\t\t\t<div class=\"elementor-container elementor-column-gap-default\">\n\t\t\t\t\t<div class=\"elementor-column elementor-col-100 elementor-top-column elementor-element elementor-element-d517052\" data-id=\"d517052\" data-element_type=\"column\" data-e-type=\"column\">\n\t\t\t<div class=\"elementor-widget-wrap elementor-element-populated\">\n\t\t\t\t\t\t<section class=\"elementor-section elementor-inner-section elementor-element elementor-element-57b489a container-arrow elementor-section-boxed elementor-section-height-default elementor-section-height-default\" data-id=\"57b489a\" data-element_type=\"section\" data-e-type=\"section\">\n\t\t\t\t\t\t<div class=\"elementor-container elementor-column-gap-default\">\n\t\t\t\t\t<div class=\"elementor-column elementor-col-100 elementor-inner-column elementor-element elementor-element-167510c content-section content-arrow\" data-id=\"167510c\" data-element_type=\"column\" data-e-type=\"column\">\n\t\t\t<div class=\"elementor-widget-wrap elementor-element-populated\">\n\t\t\t\t\t\t<div class=\"elementor-element elementor-element-92b45cf content-section  elementor-widget elementor-widget-text-editor\" data-id=\"92b45cf\" data-element_type=\"widget\" data-e-type=\"widget\" data-widget_type=\"text-editor.default\">\n\t\t\t\t<div class=\"elementor-widget-container\">\n\t\t\t\t\t\t\t\t\t<h2>Anw\u00e4lte erhalten f\u00fcr ihre T\u00e4tigkeit in Form von Prozessvertretung, Beratung, Beistand, Rechtsrat, Erstellung privatschriftlicher Rechtsdokumente und Pl\u00e4doyer Geb\u00fchren.<\/h2><p>Die Geb\u00fchren werden im Einvernehmen mit dem Kunden festgelegt.<\/p><p>Das erste Beratungsgespr\u00e4ch kann zur Erhebung eines Honorars f\u00fchren.<\/p><p>Die Kanzlei schlie\u00dft schriftlich mit ihrem Mandanten eine Honorarvereinbarung ab, in der insbesondere die H\u00f6he oder die Berechnungsgrundlage der Honorare f\u00fcr die voraussichtlichen Leistungen sowie die erwarteten Kosten und Auslagen festgelegt werden.<\/p><p>Das Honorar kann nach Zeitaufwand oder als Pauschale berechnet werden. Ein erfolgsabh\u00e4ngiges Zusatzhonorar, das sich aus einer Honorarvereinbarung ergibt, kann angeboten werden.<\/p><p>Die Honorare ber\u00fccksichtigen nach den Gepflogenheiten die Verm\u00f6genslage des Mandanten, die Schwierigkeit der Angelegenheit, die vom Anwalt getragenen Kosten, dessen Bekanntheit und dessen Bem\u00fchungen.<\/p>\t\t\t\t\t\t\t\t<\/div>\n\t\t\t\t<\/div>\n\t\t\t\t\t<\/div>\n\t\t<\/div>\n\t\t\t\t\t<\/div>\n\t\t<\/section>\n\t\t\t\t<div class=\"elementor-element elementor-element-84c74e9 elementor-widget elementor-widget-spacer\" data-id=\"84c74e9\" data-element_type=\"widget\" data-e-type=\"widget\" data-widget_type=\"spacer.default\">\n\t\t\t\t<div class=\"elementor-widget-container\">\n\t\t\t\t\t\t\t<div class=\"elementor-spacer\">\n\t\t\t<div class=\"elementor-spacer-inner\"><\/div>\n\t\t<\/div>\n\t\t\t\t\t\t<\/div>\n\t\t\t\t<\/div>\n\t\t\t\t\t<\/div>\n\t\t<\/div>\n\t\t\t\t\t<\/div>\n\t\t<\/section>\n\t\t\t\t<section class=\"elementor-section elementor-top-section elementor-element elementor-element-f3439c7 elementor-section-boxed elementor-section-height-default elementor-section-height-default\" data-id=\"f3439c7\" data-element_type=\"section\" data-e-type=\"section\">\n\t\t\t\t\t\t<div class=\"elementor-container elementor-column-gap-default\">\n\t\t\t\t\t<div class=\"elementor-column elementor-col-100 elementor-top-column elementor-element elementor-element-30b3239\" data-id=\"30b3239\" data-element_type=\"column\" data-e-type=\"column\">\n\t\t\t<div class=\"elementor-widget-wrap elementor-element-populated\">\n\t\t\t\t\t\t<div class=\"elementor-element elementor-element-b8a81af e-transform elementor-widget elementor-widget-wp-widget-bcn_widget\" data-id=\"b8a81af\" data-element_type=\"widget\" data-e-type=\"widget\" data-settings=\"{&quot;_transform_scale_effect&quot;:{&quot;unit&quot;:&quot;px&quot;,&quot;size&quot;:&quot;&quot;,&quot;sizes&quot;:[]},&quot;_transform_scale_effect_tablet&quot;:{&quot;unit&quot;:&quot;px&quot;,&quot;size&quot;:&quot;&quot;,&quot;sizes&quot;:[]},&quot;_transform_scale_effect_mobile&quot;:{&quot;unit&quot;:&quot;px&quot;,&quot;size&quot;:&quot;&quot;,&quot;sizes&quot;:[]}}\" data-widget_type=\"wp-widget-bcn_widget.default\">\n\t\t\t\t<div class=\"elementor-widget-container\">\n\t\t\t\t\t<div class=\"breadcrumbs\" vocab=\"https:\/\/schema.org\/\" typeof=\"BreadcrumbList\"><span property=\"itemListElement\" typeof=\"ListItem\"><a property=\"item\" typeof=\"WebPage\" title=\"Gehen Sie zu Cabinet Pothet.\" href=\"https:\/\/www.cabinetpothet.com\/de\" class=\"home\" ><span property=\"name\">Kabinett Pothet<\/span><\/a><meta property=\"position\" content=\"1\"><\/span> Ein Zeichen <span property=\"itemListElement\" typeof=\"ListItem\"><a property=\"item\" typeof=\"WebPage\" title=\"Go to Nos Publications.\" href=\"https:\/\/www.cabinetpothet.com\/de\/accueil\/nos-publications\/\" class=\"post-root post post-post\" aria-current=\"page\"><span property=\"name\">Nos Publications<\/span><\/a><meta property=\"position\" content=\"2\"><\/span><\/div>\t\t\t\t<\/div>\n\t\t\t\t<\/div>\n\t\t\t\t\t<\/div>\n\t\t<\/div>\n\t\t\t\t\t<\/div>\n\t\t<\/section>\n\t\t\t\t<\/div>","protected":false},"excerpt":{"rendered":"<p>Les avocats per\u00e7oivent des honoraires en contrepartie de leur intervention sous forme de postulation, de consultation, d\u2019assistance, de conseil, de r\u00e9daction d\u2019actes juridiques sous seing priv\u00e9 et de plaidoirie. Les honoraires sont fix\u00e9s en accord avec le client. La premi\u00e8re consultation peut donner lieu \u00e0 la perception d\u2019un honoraire. Le Cabinet conclut par \u00e9crit avec [&#8230;]<\/p>\n<p><a class=\"btn btn-secondary understrap-read-more-link\" href=\"https:\/\/www.cabinetpothet.com\/de\/die-gebuhren\/\">Weiterlesen&#8230;<span class=\"screen-reader-text\"> from Les honoraires<\/span><\/a><\/p>","protected":false},"author":1,"featured_media":801,"parent":0,"menu_order":30000,"comment_status":"closed","ping_status":"closed","template":"elementor_header_footer","meta":{"_acf_changed":false,"inline_featured_image":false,"footnotes":""},"class_list":["post-145","page","type-page","status-publish","has-post-thumbnail","hentry"],"acf":[],"yoast_head":"<!-- This site is optimized with the Yoast SEO plugin v27.4 - https:\/\/yoast.com\/product\/yoast-seo-wordpress\/ -->\n<title>Les honoraires de nos avocats | Cabinet Pothet<\/title>\n<meta name=\"description\" content=\"Les avocats per\u00e7oivent des honoraires en contrepartie de leur intervention. Les honoraires sont fix\u00e9s en accord avec le client.\" \/>\n<meta name=\"robots\" content=\"index, follow, max-snippet:-1, max-image-preview:large, max-video-preview:-1\" \/>\n<link rel=\"canonical\" href=\"https:\/\/www.cabinetpothet.com\/de\/die-gebuhren\/\" \/>\n<meta property=\"og:locale\" content=\"de_DE\" \/>\n<meta property=\"og:type\" content=\"article\" \/>\n<meta property=\"og:title\" content=\"Les honoraires de nos avocats | Cabinet Pothet\" \/>\n<meta property=\"og:description\" content=\"Les avocats per\u00e7oivent des honoraires en contrepartie de leur intervention. Les honoraires sont fix\u00e9s en accord avec le client.\" \/>\n<meta property=\"og:url\" content=\"https:\/\/www.cabinetpothet.com\/de\/die-gebuhren\/\" \/>\n<meta property=\"og:site_name\" content=\"Cabinet Pothet\" \/>\n<meta property=\"article:modified_time\" content=\"2023-09-09T13:45:55+00:00\" \/>\n<meta property=\"og:image\" content=\"https:\/\/www.cabinetpothet.com\/app\/uploads\/2022\/11\/cabinet-pothet-avocat-saint-tropez-honoraires.jpg\" \/>\n\t<meta property=\"og:image:width\" content=\"2500\" \/>\n\t<meta property=\"og:image:height\" content=\"475\" \/>\n\t<meta property=\"og:image:type\" content=\"image\/jpeg\" \/>\n<meta name=\"twitter:card\" content=\"summary_large_image\" \/>\n<meta name=\"twitter:label1\" content=\"Est. reading time\" \/>\n\t<meta name=\"twitter:data1\" content=\"1 minute\" \/>\n<script type=\"application\/ld+json\" class=\"yoast-schema-graph\">{\"@context\":\"https:\\\/\\\/schema.org\",\"@graph\":[{\"@type\":\"WebPage\",\"@id\":\"https:\\\/\\\/www.cabinetpothet.com\\\/les-honoraires\\\/\",\"url\":\"https:\\\/\\\/www.cabinetpothet.com\\\/les-honoraires\\\/\",\"name\":\"Les honoraires de nos avocats | Cabinet Pothet\",\"isPartOf\":{\"@id\":\"https:\\\/\\\/www.cabinetpothet.com\\\/#website\"},\"primaryImageOfPage\":{\"@id\":\"https:\\\/\\\/www.cabinetpothet.com\\\/les-honoraires\\\/#primaryimage\"},\"image\":{\"@id\":\"https:\\\/\\\/www.cabinetpothet.com\\\/les-honoraires\\\/#primaryimage\"},\"thumbnailUrl\":\"https:\\\/\\\/www.cabinetpothet.com\\\/app\\\/uploads\\\/2022\\\/11\\\/cabinet-pothet-avocat-saint-tropez-honoraires.jpg\",\"datePublished\":\"2022-10-29T08:49:21+00:00\",\"dateModified\":\"2023-09-09T13:45:55+00:00\",\"description\":\"Les avocats per\u00e7oivent des honoraires en contrepartie de leur intervention. Les honoraires sont fix\u00e9s en accord avec le client.\",\"breadcrumb\":{\"@id\":\"https:\\\/\\\/www.cabinetpothet.com\\\/les-honoraires\\\/#breadcrumb\"},\"inLanguage\":\"de-DE\",\"potentialAction\":[{\"@type\":\"ReadAction\",\"target\":[\"https:\\\/\\\/www.cabinetpothet.com\\\/les-honoraires\\\/\"]}]},{\"@type\":\"ImageObject\",\"inLanguage\":\"de-DE\",\"@id\":\"https:\\\/\\\/www.cabinetpothet.com\\\/les-honoraires\\\/#primaryimage\",\"url\":\"https:\\\/\\\/www.cabinetpothet.com\\\/app\\\/uploads\\\/2022\\\/11\\\/cabinet-pothet-avocat-saint-tropez-honoraires.jpg\",\"contentUrl\":\"https:\\\/\\\/www.cabinetpothet.com\\\/app\\\/uploads\\\/2022\\\/11\\\/cabinet-pothet-avocat-saint-tropez-honoraires.jpg\",\"width\":2500,\"height\":475},{\"@type\":\"BreadcrumbList\",\"@id\":\"https:\\\/\\\/www.cabinetpothet.com\\\/les-honoraires\\\/#breadcrumb\",\"itemListElement\":[{\"@type\":\"ListItem\",\"position\":1,\"name\":\"Accueil\",\"item\":\"https:\\\/\\\/www.cabinetpothet.com\\\/\"},{\"@type\":\"ListItem\",\"position\":2,\"name\":\"Les honoraires\"}]},{\"@type\":\"WebSite\",\"@id\":\"https:\\\/\\\/www.cabinetpothet.com\\\/#website\",\"url\":\"https:\\\/\\\/www.cabinetpothet.com\\\/\",\"name\":\"Cabinet Pothet\",\"description\":\"General law firm in the Saint Tropez area\",\"publisher\":{\"@id\":\"https:\\\/\\\/www.cabinetpothet.com\\\/#organization\"},\"potentialAction\":[{\"@type\":\"SearchAction\",\"target\":{\"@type\":\"EntryPoint\",\"urlTemplate\":\"https:\\\/\\\/www.cabinetpothet.com\\\/?s={search_term_string}\"},\"query-input\":{\"@type\":\"PropertyValueSpecification\",\"valueRequired\":true,\"valueName\":\"search_term_string\"}}],\"inLanguage\":\"de-DE\"},{\"@type\":\"Organization\",\"@id\":\"https:\\\/\\\/www.cabinetpothet.com\\\/#organization\",\"name\":\"Cabinet Pothet\",\"url\":\"https:\\\/\\\/www.cabinetpothet.com\\\/\",\"logo\":{\"@type\":\"ImageObject\",\"inLanguage\":\"de-DE\",\"@id\":\"https:\\\/\\\/www.cabinetpothet.com\\\/#\\\/schema\\\/logo\\\/image\\\/\",\"url\":\"https:\\\/\\\/www.cabinetpothet.com\\\/app\\\/uploads\\\/2022\\\/10\\\/Group-51.svg\",\"contentUrl\":\"https:\\\/\\\/www.cabinetpothet.com\\\/app\\\/uploads\\\/2022\\\/10\\\/Group-51.svg\",\"width\":68,\"height\":68,\"caption\":\"Cabinet Pothet\"},\"image\":{\"@id\":\"https:\\\/\\\/www.cabinetpothet.com\\\/#\\\/schema\\\/logo\\\/image\\\/\"}}]}<\/script>\n<!-- \/ Yoast SEO plugin. -->","yoast_head_json":{"title":"Die Honorare unserer Anw\u00e4lte | Kanzlei Pothet","description":"Anw\u00e4lte erhalten f\u00fcr ihre T\u00e4tigkeit ein Honorar. Das Honorar wird in Absprache mit dem Mandanten festgelegt.","robots":{"index":"index","follow":"follow","max-snippet":"max-snippet:-1","max-image-preview":"max-image-preview:large","max-video-preview":"max-video-preview:-1"},"canonical":"https:\/\/www.cabinetpothet.com\/de\/die-gebuhren\/","og_locale":"de_DE","og_type":"article","og_title":"Les honoraires de nos avocats | Cabinet Pothet","og_description":"Les avocats per\u00e7oivent des honoraires en contrepartie de leur intervention. Les honoraires sont fix\u00e9s en accord avec le client.","og_url":"https:\/\/www.cabinetpothet.com\/de\/die-gebuhren\/","og_site_name":"Cabinet Pothet","article_modified_time":"2023-09-09T13:45:55+00:00","og_image":[{"width":2500,"height":475,"url":"https:\/\/www.cabinetpothet.com\/app\/uploads\/2022\/11\/cabinet-pothet-avocat-saint-tropez-honoraires.jpg","type":"image\/jpeg"}],"twitter_card":"summary_large_image","twitter_misc":{"Est. reading time":"1 minute"},"schema":{"@context":"https:\/\/schema.org","@graph":[{"@type":"WebPage","@id":"https:\/\/www.cabinetpothet.com\/les-honoraires\/","url":"https:\/\/www.cabinetpothet.com\/les-honoraires\/","name":"Die Honorare unserer Anw\u00e4lte | Kanzlei Pothet","isPartOf":{"@id":"https:\/\/www.cabinetpothet.com\/#website"},"primaryImageOfPage":{"@id":"https:\/\/www.cabinetpothet.com\/les-honoraires\/#primaryimage"},"image":{"@id":"https:\/\/www.cabinetpothet.com\/les-honoraires\/#primaryimage"},"thumbnailUrl":"https:\/\/www.cabinetpothet.com\/app\/uploads\/2022\/11\/cabinet-pothet-avocat-saint-tropez-honoraires.jpg","datePublished":"2022-10-29T08:49:21+00:00","dateModified":"2023-09-09T13:45:55+00:00","description":"Anw\u00e4lte erhalten f\u00fcr ihre T\u00e4tigkeit ein Honorar. Das Honorar wird in Absprache mit dem Mandanten festgelegt.","breadcrumb":{"@id":"https:\/\/www.cabinetpothet.com\/les-honoraires\/#breadcrumb"},"inLanguage":"de-DE","potentialAction":[{"@type":"ReadAction","target":["https:\/\/www.cabinetpothet.com\/les-honoraires\/"]}]},{"@type":"ImageObject","inLanguage":"de-DE","@id":"https:\/\/www.cabinetpothet.com\/les-honoraires\/#primaryimage","url":"https:\/\/www.cabinetpothet.com\/app\/uploads\/2022\/11\/cabinet-pothet-avocat-saint-tropez-honoraires.jpg","contentUrl":"https:\/\/www.cabinetpothet.com\/app\/uploads\/2022\/11\/cabinet-pothet-avocat-saint-tropez-honoraires.jpg","width":2500,"height":475},{"@type":"BreadcrumbList","@id":"https:\/\/www.cabinetpothet.com\/les-honoraires\/#breadcrumb","itemListElement":[{"@type":"ListItem","position":1,"name":"Accueil","item":"https:\/\/www.cabinetpothet.com\/"},{"@type":"ListItem","position":2,"name":"Les honoraires"}]},{"@type":"WebSite","@id":"https:\/\/www.cabinetpothet.com\/#website","url":"https:\/\/www.cabinetpothet.com\/","name":"Kabinett Pothet","description":"Allgemeine Anwaltskanzlei im Raum Saint-Tropez","publisher":{"@id":"https:\/\/www.cabinetpothet.com\/#organization"},"potentialAction":[{"@type":"SearchAction","target":{"@type":"EntryPoint","urlTemplate":"https:\/\/www.cabinetpothet.com\/?s={search_term_string}"},"query-input":{"@type":"PropertyValueSpecification","valueRequired":true,"valueName":"search_term_string"}}],"inLanguage":"de-DE"},{"@type":"Organization","@id":"https:\/\/www.cabinetpothet.com\/#organization","name":"Kabinett Pothet","url":"https:\/\/www.cabinetpothet.com\/","logo":{"@type":"ImageObject","inLanguage":"de-DE","@id":"https:\/\/www.cabinetpothet.com\/#\/schema\/logo\/image\/","url":"https:\/\/www.cabinetpothet.com\/app\/uploads\/2022\/10\/Group-51.svg","contentUrl":"https:\/\/www.cabinetpothet.com\/app\/uploads\/2022\/10\/Group-51.svg","width":68,"height":68,"caption":"Cabinet Pothet"},"image":{"@id":"https:\/\/www.cabinetpothet.com\/#\/schema\/logo\/image\/"}}]}},"_links":{"self":[{"href":"https:\/\/www.cabinetpothet.com\/de\/wp-json\/wp\/v2\/pages\/145","targetHints":{"allow":["GET"]}}],"collection":[{"href":"https:\/\/www.cabinetpothet.com\/de\/wp-json\/wp\/v2\/pages"}],"about":[{"href":"https:\/\/www.cabinetpothet.com\/de\/wp-json\/wp\/v2\/types\/page"}],"author":[{"embeddable":true,"href":"https:\/\/www.cabinetpothet.com\/de\/wp-json\/wp\/v2\/users\/1"}],"replies":[{"embeddable":true,"href":"https:\/\/www.cabinetpothet.com\/de\/wp-json\/wp\/v2\/comments?post=145"}],"version-history":[{"count":6,"href":"https:\/\/www.cabinetpothet.com\/de\/wp-json\/wp\/v2\/pages\/145\/revisions"}],"predecessor-version":[{"id":2747,"href":"https:\/\/www.cabinetpothet.com\/de\/wp-json\/wp\/v2\/pages\/145\/revisions\/2747"}],"wp:featuredmedia":[{"embeddable":true,"href":"https:\/\/www.cabinetpothet.com\/de\/wp-json\/wp\/v2\/media\/801"}],"wp:attachment":[{"href":"https:\/\/www.cabinetpothet.com\/de\/wp-json\/wp\/v2\/media?parent=145"}],"curies":[{"name":"wp","href":"https:\/\/api.w.org\/{rel}","templated":true}]}}