{"id":140,"date":"2022-10-29T10:42:16","date_gmt":"2022-10-29T08:42:16","guid":{"rendered":"https:\/\/www.cabinetpothet.com\/?page_id=140"},"modified":"2023-12-11T22:50:13","modified_gmt":"2023-12-11T21:50:13","slug":"expertises","status":"publish","type":"page","link":"https:\/\/www.cabinetpothet.com\/de\/expertisen\/","title":{"rendered":"Unsere Expertise"},"content":{"rendered":"<div data-elementor-type=\"wp-page\" data-elementor-id=\"140\" class=\"elementor elementor-140\" data-elementor-post-type=\"page\">\n\t\t\t\t\t\t<section class=\"elementor-section elementor-top-section elementor-element elementor-element-9674e61 expertise-content-section elementor-section-boxed elementor-section-height-default elementor-section-height-default\" data-id=\"9674e61\" data-element_type=\"section\" data-e-type=\"section\">\n\t\t\t\t\t\t<div class=\"elementor-container elementor-column-gap-default\">\n\t\t\t\t\t<div class=\"elementor-column elementor-col-100 elementor-top-column elementor-element elementor-element-6828be7\" data-id=\"6828be7\" data-element_type=\"column\" data-e-type=\"column\">\n\t\t\t<div class=\"elementor-widget-wrap elementor-element-populated\">\n\t\t\t\t\t\t<section class=\"elementor-section elementor-inner-section elementor-element elementor-element-fdf9b64 container-arrow elementor-section-boxed elementor-section-height-default elementor-section-height-default\" data-id=\"fdf9b64\" data-element_type=\"section\" data-e-type=\"section\">\n\t\t\t\t\t\t<div class=\"elementor-container elementor-column-gap-default\">\n\t\t\t\t\t<div class=\"elementor-column elementor-col-100 elementor-inner-column elementor-element elementor-element-7bf6267 content-arrow\" data-id=\"7bf6267\" data-element_type=\"column\" data-e-type=\"column\">\n\t\t\t<div class=\"elementor-widget-wrap elementor-element-populated\">\n\t\t\t\t\t\t<div class=\"elementor-element elementor-element-d5bf815 content-section  elementor-widget elementor-widget-text-editor\" data-id=\"d5bf815\" data-element_type=\"widget\" data-e-type=\"widget\" data-widget_type=\"text-editor.default\">\n\t\t\t\t<div class=\"elementor-widget-container\">\n\t\t\t\t\t\t\t\t\t<p>Nous sommes un cabinet g\u00e9n\u00e9raliste fort de plus de trente ans d&rsquo;exp\u00e9rience dans le sud-est de la France, notamment dans le Golfe de Saint-Tropez.<\/p>\t\t\t\t\t\t\t\t<\/div>\n\t\t\t\t<\/div>\n\t\t\t\t<div class=\"elementor-element elementor-element-288b064 content-section  elementor-widget elementor-widget-text-editor\" data-id=\"288b064\" data-element_type=\"widget\" data-e-type=\"widget\" data-widget_type=\"text-editor.default\">\n\t\t\t\t<div class=\"elementor-widget-container\">\n\t\t\t\t\t\t\t\t\t<p>Nous accompagnons nos clients dans l\u2019\u00e9laboration de strat\u00e9gies pr\u00e9contentieuses, contentieuses, et assurons leur repr\u00e9sentation devant toutes les juridictions de premi\u00e8re instance et d\u2019appel. Le Cabinet est \u00e0 la disposition de sa client\u00e8le pour l\u2019\u00e9clairer et la conseiller sur les cons\u00e9quences de leurs actes.<\/p><p>Les comp\u00e9tences techniques des avocats en droit immobilier, droit civil, droit p\u00e9nal et droit des affaires permettent d\u2019appr\u00e9cier les nombreux aspects d\u2019un dossier avec une vision transversale. L\u2019ouverture du Cabinet \u00e0 ces diff\u00e9rentes mati\u00e8res est essentielle pour ma\u00eetriser les enjeux que soul\u00e8vent les rapports de droit.\u00a0<\/p><p><a style=\"letter-spacing: -0.15px;\" href=\"https:\/\/www.cabinetpothet.com\/fr\/nos-avocats\/\" target=\"_blank\" rel=\"noopener\">D\u00e9couvrez nos avocats.<\/a><\/p>\t\t\t\t\t\t\t\t<\/div>\n\t\t\t\t<\/div>\n\t\t\t\t\t<\/div>\n\t\t<\/div>\n\t\t\t\t\t<\/div>\n\t\t<\/section>\n\t\t\t\t\t<\/div>\n\t\t<\/div>\n\t\t\t\t\t<\/div>\n\t\t<\/section>\n\t\t\t\t<section class=\"elementor-section elementor-top-section elementor-element elementor-element-2f17018 elementor-section-boxed elementor-section-height-default elementor-section-height-default\" data-id=\"2f17018\" data-element_type=\"section\" data-e-type=\"section\">\n\t\t\t\t\t\t<div class=\"elementor-container elementor-column-gap-default\">\n\t\t\t\t\t<div class=\"elementor-column elementor-col-50 elementor-top-column elementor-element elementor-element-eff925b\" data-id=\"eff925b\" data-element_type=\"column\" data-e-type=\"column\">\n\t\t\t<div class=\"elementor-widget-wrap elementor-element-populated\">\n\t\t\t\t\t\t<div class=\"elementor-element elementor-element-4039fe1 elementor-align-justify elementor-widget elementor-widget-button\" data-id=\"4039fe1\" data-element_type=\"widget\" data-e-type=\"widget\" data-widget_type=\"button.default\">\n\t\t\t\t<div class=\"elementor-widget-container\">\n\t\t\t\t\t\t\t\t\t<div class=\"elementor-button-wrapper\">\n\t\t\t\t\t<a class=\"elementor-button elementor-button-link elementor-size-sm\" href=\"https:\/\/www.cabinetpothet.com\/de\/expertises\/droit-immobilier\/\">\n\t\t\t\t\t\t<span class=\"elementor-button-content-wrapper\">\n\t\t\t\t\t\t\t\t\t<span class=\"elementor-button-text\">droit immobilier<br><span style=\"font-size:20px\"> CONSTRUCTION - COPROPRI\u00c9T\u00c9 - BAUX - SAISIES - URBANISME<span><\/span>\n\t\t\t\t\t<\/span>\n\t\t\t\t\t<\/a>\n\t\t\t\t<\/div>\n\t\t\t\t\t\t\t\t<\/div>\n\t\t\t\t<\/div>\n\t\t\t\t<div class=\"elementor-element elementor-element-82dd6f5 elementor-align-justify elementor-widget elementor-widget-button\" data-id=\"82dd6f5\" data-element_type=\"widget\" data-e-type=\"widget\" data-widget_type=\"button.default\">\n\t\t\t\t<div class=\"elementor-widget-container\">\n\t\t\t\t\t\t\t\t\t<div class=\"elementor-button-wrapper\">\n\t\t\t\t\t<a class=\"elementor-button elementor-button-link elementor-size-sm\" href=\"https:\/\/www.cabinetpothet.com\/de\/expertises\/droit-civil\/\">\n\t\t\t\t\t\t<span class=\"elementor-button-content-wrapper\">\n\t\t\t\t\t\t\t\t\t<span class=\"elementor-button-text\">droit civil<br><span style=\"font-size:20px\"> RESPONSABILIT\u00c9S CIVILES - DROIT DE LA FAMILLE<span><\/span>\n\t\t\t\t\t<\/span>\n\t\t\t\t\t<\/a>\n\t\t\t\t<\/div>\n\t\t\t\t\t\t\t\t<\/div>\n\t\t\t\t<\/div>\n\t\t\t\t\t<\/div>\n\t\t<\/div>\n\t\t\t\t<div class=\"elementor-column elementor-col-50 elementor-top-column elementor-element elementor-element-a764ffa\" data-id=\"a764ffa\" data-element_type=\"column\" data-e-type=\"column\">\n\t\t\t<div class=\"elementor-widget-wrap elementor-element-populated\">\n\t\t\t\t\t\t<div class=\"elementor-element elementor-element-2901fca elementor-align-justify elementor-widget elementor-widget-button\" data-id=\"2901fca\" data-element_type=\"widget\" data-e-type=\"widget\" data-widget_type=\"button.default\">\n\t\t\t\t<div class=\"elementor-widget-container\">\n\t\t\t\t\t\t\t\t\t<div class=\"elementor-button-wrapper\">\n\t\t\t\t\t<a class=\"elementor-button elementor-button-link elementor-size-sm\" href=\"https:\/\/www.cabinetpothet.com\/de\/expertises\/droit-penal\/\">\n\t\t\t\t\t\t<span class=\"elementor-button-content-wrapper\">\n\t\t\t\t\t\t\t\t\t<span class=\"elementor-button-text\">droit p\u00e9nal<br><span style=\"font-size:20px\">P\u00c9NAL G\u00c9N\u00c9RAL - SOCIAL &amp; FISCAL - DROIT ROUTIER<span><\/span>\n\t\t\t\t\t<\/span>\n\t\t\t\t\t<\/a>\n\t\t\t\t<\/div>\n\t\t\t\t\t\t\t\t<\/div>\n\t\t\t\t<\/div>\n\t\t\t\t<div class=\"elementor-element elementor-element-0adfcf0 elementor-align-justify elementor-widget elementor-widget-button\" data-id=\"0adfcf0\" data-element_type=\"widget\" data-e-type=\"widget\" data-widget_type=\"button.default\">\n\t\t\t\t<div class=\"elementor-widget-container\">\n\t\t\t\t\t\t\t\t\t<div class=\"elementor-button-wrapper\">\n\t\t\t\t\t<a class=\"elementor-button elementor-button-link elementor-size-sm\" href=\"https:\/\/www.cabinetpothet.com\/de\/expertises\/wirtschaftsrecht\/\">\n\t\t\t\t\t\t<span class=\"elementor-button-content-wrapper\">\n\t\t\t\t\t\t\t\t\t<span class=\"elementor-button-text\">Wirtschaftsrecht<br><span style=\"font-size:20px\">SOCIAL &amp; COMMERCIAL - DROIT DU TRAVAIL - DROIT DES SOCI\u00c9T\u00c9S<span><\/span>\n\t\t\t\t\t<\/span>\n\t\t\t\t\t<\/a>\n\t\t\t\t<\/div>\n\t\t\t\t\t\t\t\t<\/div>\n\t\t\t\t<\/div>\n\t\t\t\t\t<\/div>\n\t\t<\/div>\n\t\t\t\t\t<\/div>\n\t\t<\/section>\n\t\t\t\t<section class=\"elementor-section elementor-top-section elementor-element elementor-element-86fc0a6 elementor-section-boxed elementor-section-height-default elementor-section-height-default\" data-id=\"86fc0a6\" data-element_type=\"section\" data-e-type=\"section\">\n\t\t\t\t\t\t<div class=\"elementor-container elementor-column-gap-default\">\n\t\t\t\t\t<div class=\"elementor-column elementor-col-100 elementor-top-column elementor-element elementor-element-b5b4f97\" data-id=\"b5b4f97\" data-element_type=\"column\" data-e-type=\"column\">\n\t\t\t<div class=\"elementor-widget-wrap elementor-element-populated\">\n\t\t\t\t\t\t<div class=\"elementor-element elementor-element-9a84c05 elementor-widget elementor-widget-wp-widget-bcn_widget\" data-id=\"9a84c05\" data-element_type=\"widget\" data-e-type=\"widget\" data-widget_type=\"wp-widget-bcn_widget.default\">\n\t\t\t\t<div class=\"elementor-widget-container\">\n\t\t\t\t\t<div class=\"breadcrumbs\" vocab=\"https:\/\/schema.org\/\" typeof=\"BreadcrumbList\"><span property=\"itemListElement\" typeof=\"ListItem\"><a property=\"item\" typeof=\"WebPage\" title=\"Gehen Sie zu Cabinet Pothet.\" href=\"https:\/\/www.cabinetpothet.com\/de\" class=\"home\" ><span property=\"name\">Kabinett Pothet<\/span><\/a><meta property=\"position\" content=\"1\"><\/span> Ein Zeichen <span property=\"itemListElement\" typeof=\"ListItem\"><a property=\"item\" typeof=\"WebPage\" title=\"Go to Nos Publications.\" href=\"https:\/\/www.cabinetpothet.com\/de\/accueil\/nos-publications\/\" class=\"post-root post post-post\" aria-current=\"page\"><span property=\"name\">Nos Publications<\/span><\/a><meta property=\"position\" content=\"2\"><\/span><\/div>\t\t\t\t<\/div>\n\t\t\t\t<\/div>\n\t\t\t\t\t<\/div>\n\t\t<\/div>\n\t\t\t\t\t<\/div>\n\t\t<\/section>\n\t\t\t\t<\/div>","protected":false},"excerpt":{"rendered":"<p>Nous sommes un cabinet g\u00e9n\u00e9raliste fort de plus de trente ans d&rsquo;exp\u00e9rience dans le sud-est de la France, notamment dans le Golfe de Saint-Tropez. Nous accompagnons nos clients dans l\u2019\u00e9laboration de strat\u00e9gies pr\u00e9contentieuses, contentieuses, et assurons leur repr\u00e9sentation devant toutes les juridictions de premi\u00e8re instance et d\u2019appel. Le Cabinet est \u00e0 la disposition de sa [&#8230;]<\/p>\n<p><a class=\"btn btn-secondary understrap-read-more-link\" href=\"https:\/\/www.cabinetpothet.com\/de\/expertisen\/\">Weiterlesen&#8230;<span class=\"screen-reader-text\"> from Nos expertises<\/span><\/a><\/p>","protected":false},"author":1,"featured_media":1751,"parent":0,"menu_order":10000,"comment_status":"closed","ping_status":"closed","template":"elementor_header_footer","meta":{"_acf_changed":false,"inline_featured_image":false,"footnotes":""},"class_list":["post-140","page","type-page","status-publish","has-post-thumbnail","hentry"],"acf":[],"yoast_head":"<!-- This site is optimized with the Yoast SEO plugin v27.4 - https:\/\/yoast.com\/product\/yoast-seo-wordpress\/ -->\n<title>Nos expertises d&#039;avocats | Cabinet Pothet<\/title>\n<meta name=\"description\" content=\"D\u00e9couvrez nos diff\u00e9rentes expertises comme le droit des affaires, le droit immobilier, le droit civil ou encore le droit p\u00e9nal.\" \/>\n<meta name=\"robots\" content=\"index, follow, max-snippet:-1, max-image-preview:large, max-video-preview:-1\" \/>\n<link rel=\"canonical\" href=\"https:\/\/www.cabinetpothet.com\/de\/expertisen\/\" \/>\n<meta property=\"og:locale\" content=\"de_DE\" \/>\n<meta property=\"og:type\" content=\"article\" \/>\n<meta property=\"og:title\" content=\"Nos expertises d&#039;avocats | Cabinet Pothet\" \/>\n<meta property=\"og:description\" content=\"D\u00e9couvrez nos diff\u00e9rentes expertises comme le droit des affaires, le droit immobilier, le droit civil ou encore le droit p\u00e9nal.\" \/>\n<meta property=\"og:url\" content=\"https:\/\/www.cabinetpothet.com\/de\/expertisen\/\" \/>\n<meta property=\"og:site_name\" content=\"Cabinet Pothet\" \/>\n<meta property=\"article:modified_time\" content=\"2023-12-11T21:50:13+00:00\" \/>\n<meta property=\"og:image\" content=\"https:\/\/www.cabinetpothet.com\/app\/uploads\/2022\/12\/cabinet-pothet-avocat-saint-tropez-expertises.jpg\" \/>\n\t<meta property=\"og:image:width\" content=\"2500\" \/>\n\t<meta property=\"og:image:height\" content=\"494\" \/>\n\t<meta property=\"og:image:type\" content=\"image\/jpeg\" \/>\n<meta name=\"twitter:card\" content=\"summary_large_image\" \/>\n<meta name=\"twitter:label1\" content=\"Est. reading time\" \/>\n\t<meta name=\"twitter:data1\" content=\"1 minute\" \/>\n<script type=\"application\/ld+json\" class=\"yoast-schema-graph\">{\"@context\":\"https:\\\/\\\/schema.org\",\"@graph\":[{\"@type\":\"WebPage\",\"@id\":\"https:\\\/\\\/www.cabinetpothet.com\\\/expertises\\\/\",\"url\":\"https:\\\/\\\/www.cabinetpothet.com\\\/expertises\\\/\",\"name\":\"Nos expertises d'avocats | Cabinet Pothet\",\"isPartOf\":{\"@id\":\"https:\\\/\\\/www.cabinetpothet.com\\\/#website\"},\"primaryImageOfPage\":{\"@id\":\"https:\\\/\\\/www.cabinetpothet.com\\\/expertises\\\/#primaryimage\"},\"image\":{\"@id\":\"https:\\\/\\\/www.cabinetpothet.com\\\/expertises\\\/#primaryimage\"},\"thumbnailUrl\":\"https:\\\/\\\/www.cabinetpothet.com\\\/app\\\/uploads\\\/2022\\\/12\\\/cabinet-pothet-avocat-saint-tropez-expertises.jpg\",\"datePublished\":\"2022-10-29T08:42:16+00:00\",\"dateModified\":\"2023-12-11T21:50:13+00:00\",\"description\":\"D\u00e9couvrez nos diff\u00e9rentes expertises comme le droit des affaires, le droit immobilier, le droit civil ou encore le droit p\u00e9nal.\",\"breadcrumb\":{\"@id\":\"https:\\\/\\\/www.cabinetpothet.com\\\/expertises\\\/#breadcrumb\"},\"inLanguage\":\"de-DE\",\"potentialAction\":[{\"@type\":\"ReadAction\",\"target\":[\"https:\\\/\\\/www.cabinetpothet.com\\\/expertises\\\/\"]}]},{\"@type\":\"ImageObject\",\"inLanguage\":\"de-DE\",\"@id\":\"https:\\\/\\\/www.cabinetpothet.com\\\/expertises\\\/#primaryimage\",\"url\":\"https:\\\/\\\/www.cabinetpothet.com\\\/app\\\/uploads\\\/2022\\\/12\\\/cabinet-pothet-avocat-saint-tropez-expertises.jpg\",\"contentUrl\":\"https:\\\/\\\/www.cabinetpothet.com\\\/app\\\/uploads\\\/2022\\\/12\\\/cabinet-pothet-avocat-saint-tropez-expertises.jpg\",\"width\":2500,\"height\":494},{\"@type\":\"BreadcrumbList\",\"@id\":\"https:\\\/\\\/www.cabinetpothet.com\\\/expertises\\\/#breadcrumb\",\"itemListElement\":[{\"@type\":\"ListItem\",\"position\":1,\"name\":\"Accueil\",\"item\":\"https:\\\/\\\/www.cabinetpothet.com\\\/\"},{\"@type\":\"ListItem\",\"position\":2,\"name\":\"Nos expertises\"}]},{\"@type\":\"WebSite\",\"@id\":\"https:\\\/\\\/www.cabinetpothet.com\\\/#website\",\"url\":\"https:\\\/\\\/www.cabinetpothet.com\\\/\",\"name\":\"Cabinet Pothet\",\"description\":\"General law firm in the Saint Tropez area\",\"publisher\":{\"@id\":\"https:\\\/\\\/www.cabinetpothet.com\\\/#organization\"},\"potentialAction\":[{\"@type\":\"SearchAction\",\"target\":{\"@type\":\"EntryPoint\",\"urlTemplate\":\"https:\\\/\\\/www.cabinetpothet.com\\\/?s={search_term_string}\"},\"query-input\":{\"@type\":\"PropertyValueSpecification\",\"valueRequired\":true,\"valueName\":\"search_term_string\"}}],\"inLanguage\":\"de-DE\"},{\"@type\":\"Organization\",\"@id\":\"https:\\\/\\\/www.cabinetpothet.com\\\/#organization\",\"name\":\"Cabinet Pothet\",\"url\":\"https:\\\/\\\/www.cabinetpothet.com\\\/\",\"logo\":{\"@type\":\"ImageObject\",\"inLanguage\":\"de-DE\",\"@id\":\"https:\\\/\\\/www.cabinetpothet.com\\\/#\\\/schema\\\/logo\\\/image\\\/\",\"url\":\"https:\\\/\\\/www.cabinetpothet.com\\\/app\\\/uploads\\\/2022\\\/10\\\/Group-51.svg\",\"contentUrl\":\"https:\\\/\\\/www.cabinetpothet.com\\\/app\\\/uploads\\\/2022\\\/10\\\/Group-51.svg\",\"width\":68,\"height\":68,\"caption\":\"Cabinet Pothet\"},\"image\":{\"@id\":\"https:\\\/\\\/www.cabinetpothet.com\\\/#\\\/schema\\\/logo\\\/image\\\/\"}}]}<\/script>\n<!-- \/ Yoast SEO plugin. -->","yoast_head_json":{"title":"Nos expertises d'avocats | Cabinet Pothet","description":"D\u00e9couvrez nos diff\u00e9rentes expertises comme le droit des affaires, le droit immobilier, le droit civil ou encore le droit p\u00e9nal.","robots":{"index":"index","follow":"follow","max-snippet":"max-snippet:-1","max-image-preview":"max-image-preview:large","max-video-preview":"max-video-preview:-1"},"canonical":"https:\/\/www.cabinetpothet.com\/de\/expertisen\/","og_locale":"de_DE","og_type":"article","og_title":"Nos expertises d'avocats | Cabinet Pothet","og_description":"D\u00e9couvrez nos diff\u00e9rentes expertises comme le droit des affaires, le droit immobilier, le droit civil ou encore le droit p\u00e9nal.","og_url":"https:\/\/www.cabinetpothet.com\/de\/expertisen\/","og_site_name":"Cabinet Pothet","article_modified_time":"2023-12-11T21:50:13+00:00","og_image":[{"width":2500,"height":494,"url":"https:\/\/www.cabinetpothet.com\/app\/uploads\/2022\/12\/cabinet-pothet-avocat-saint-tropez-expertises.jpg","type":"image\/jpeg"}],"twitter_card":"summary_large_image","twitter_misc":{"Est. reading time":"1 minute"},"schema":{"@context":"https:\/\/schema.org","@graph":[{"@type":"WebPage","@id":"https:\/\/www.cabinetpothet.com\/expertises\/","url":"https:\/\/www.cabinetpothet.com\/expertises\/","name":"Nos expertises d'avocats | Cabinet Pothet","isPartOf":{"@id":"https:\/\/www.cabinetpothet.com\/#website"},"primaryImageOfPage":{"@id":"https:\/\/www.cabinetpothet.com\/expertises\/#primaryimage"},"image":{"@id":"https:\/\/www.cabinetpothet.com\/expertises\/#primaryimage"},"thumbnailUrl":"https:\/\/www.cabinetpothet.com\/app\/uploads\/2022\/12\/cabinet-pothet-avocat-saint-tropez-expertises.jpg","datePublished":"2022-10-29T08:42:16+00:00","dateModified":"2023-12-11T21:50:13+00:00","description":"D\u00e9couvrez nos diff\u00e9rentes expertises comme le droit des affaires, le droit immobilier, le droit civil ou encore le droit p\u00e9nal.","breadcrumb":{"@id":"https:\/\/www.cabinetpothet.com\/expertises\/#breadcrumb"},"inLanguage":"de-DE","potentialAction":[{"@type":"ReadAction","target":["https:\/\/www.cabinetpothet.com\/expertises\/"]}]},{"@type":"ImageObject","inLanguage":"de-DE","@id":"https:\/\/www.cabinetpothet.com\/expertises\/#primaryimage","url":"https:\/\/www.cabinetpothet.com\/app\/uploads\/2022\/12\/cabinet-pothet-avocat-saint-tropez-expertises.jpg","contentUrl":"https:\/\/www.cabinetpothet.com\/app\/uploads\/2022\/12\/cabinet-pothet-avocat-saint-tropez-expertises.jpg","width":2500,"height":494},{"@type":"BreadcrumbList","@id":"https:\/\/www.cabinetpothet.com\/expertises\/#breadcrumb","itemListElement":[{"@type":"ListItem","position":1,"name":"Accueil","item":"https:\/\/www.cabinetpothet.com\/"},{"@type":"ListItem","position":2,"name":"Nos expertises"}]},{"@type":"WebSite","@id":"https:\/\/www.cabinetpothet.com\/#website","url":"https:\/\/www.cabinetpothet.com\/","name":"Kabinett Pothet","description":"Allgemeine Anwaltskanzlei im Raum Saint-Tropez","publisher":{"@id":"https:\/\/www.cabinetpothet.com\/#organization"},"potentialAction":[{"@type":"SearchAction","target":{"@type":"EntryPoint","urlTemplate":"https:\/\/www.cabinetpothet.com\/?s={search_term_string}"},"query-input":{"@type":"PropertyValueSpecification","valueRequired":true,"valueName":"search_term_string"}}],"inLanguage":"de-DE"},{"@type":"Organization","@id":"https:\/\/www.cabinetpothet.com\/#organization","name":"Kabinett Pothet","url":"https:\/\/www.cabinetpothet.com\/","logo":{"@type":"ImageObject","inLanguage":"de-DE","@id":"https:\/\/www.cabinetpothet.com\/#\/schema\/logo\/image\/","url":"https:\/\/www.cabinetpothet.com\/app\/uploads\/2022\/10\/Group-51.svg","contentUrl":"https:\/\/www.cabinetpothet.com\/app\/uploads\/2022\/10\/Group-51.svg","width":68,"height":68,"caption":"Cabinet Pothet"},"image":{"@id":"https:\/\/www.cabinetpothet.com\/#\/schema\/logo\/image\/"}}]}},"_links":{"self":[{"href":"https:\/\/www.cabinetpothet.com\/de\/wp-json\/wp\/v2\/pages\/140","targetHints":{"allow":["GET"]}}],"collection":[{"href":"https:\/\/www.cabinetpothet.com\/de\/wp-json\/wp\/v2\/pages"}],"about":[{"href":"https:\/\/www.cabinetpothet.com\/de\/wp-json\/wp\/v2\/types\/page"}],"author":[{"embeddable":true,"href":"https:\/\/www.cabinetpothet.com\/de\/wp-json\/wp\/v2\/users\/1"}],"replies":[{"embeddable":true,"href":"https:\/\/www.cabinetpothet.com\/de\/wp-json\/wp\/v2\/comments?post=140"}],"version-history":[{"count":5,"href":"https:\/\/www.cabinetpothet.com\/de\/wp-json\/wp\/v2\/pages\/140\/revisions"}],"predecessor-version":[{"id":3098,"href":"https:\/\/www.cabinetpothet.com\/de\/wp-json\/wp\/v2\/pages\/140\/revisions\/3098"}],"wp:featuredmedia":[{"embeddable":true,"href":"https:\/\/www.cabinetpothet.com\/de\/wp-json\/wp\/v2\/media\/1751"}],"wp:attachment":[{"href":"https:\/\/www.cabinetpothet.com\/de\/wp-json\/wp\/v2\/media?parent=140"}],"curies":[{"name":"wp","href":"https:\/\/api.w.org\/{rel}","templated":true}]}}